{"id":1360,"date":"2018-05-18T08:56:09","date_gmt":"2018-05-18T08:56:09","guid":{"rendered":"http:\/\/www.quantic-balance.com\/?page_id=1360"},"modified":"2024-01-05T17:49:00","modified_gmt":"2024-01-05T16:49:00","slug":"praxis-abend-arbeitsmaterial","status":"publish","type":"page","link":"https:\/\/www.quantic-balance.com\/en\/praxis-abend-arbeitsmaterial\/","title":{"rendered":"Praxis-Abend Arbeitsmaterial"},"content":{"rendered":"<h2><img loading=\"lazy\" decoding=\"async\" class=\"size-full wp-image-1359 alignleft\" src=\"http:\/\/www.quantic-balance.com\/wp-content\/uploads\/2018\/05\/Vianna-Wolfgang-1803-1.jpg\" alt=\"\" width=\"168\" height=\"292\" \/><\/h2>\n<h1 style=\"text-align: left;\">Theta\u00a0Healing\u00ae Praxis-Abend<\/h1>\n<h2 style=\"text-align: left;\">Arbeitsmaterialien<\/h2>\n<ul>\n<li>f\u00fcr dich und deine Theta-Buddies<\/li>\n<li>f\u00fcr dich allein<\/li>\n<li>f\u00fcr die Klienten-Arbeit<\/li>\n<\/ul>\n<p style=\"text-align: left;\"><span style=\"text-decoration: underline;\">Hier kannst du die ARBEITSMATERIALIEN der vergangenen ThetaHealing Praxis-Abende ERWERBEN<\/span>.<\/p>\n<ul>\n<li><span style=\"color: #0000ff;\"><strong>H\u00f6heres Selbst Nr.2 2020 Nov<\/strong><\/span><\/li>\n<li><span style=\"color: #0000ff;\"><strong>Macht &#8211; Ohnmacht 2020 Feb<\/strong><\/span><\/li>\n<li><span style=\"color: #0000ff;\"><strong>Manifest Your 2020 &#8211; VER\u00c4NDERUNG<\/strong><\/span><\/li>\n<li><span style=\"color: #008000;\"><strong>Bezeugungen im Theta-Zustand 2019 Nov<\/strong><\/span><\/li>\n<li><span style=\"color: #008000;\"><strong>Meister der F\u00fcnften-Ebene 2019 Juli<\/strong><\/span><\/li>\n<li><span style=\"color: #008000;\"><strong>Der blinde Fleck 2019 Juni<\/strong><\/span><\/li>\n<li><span style=\"color: #008000;\"><strong>Was uns in der Dritten-Ebene gefangen h\u00e4lt 2019 M\u00e4rz<\/strong><\/span><\/li>\n<li><span style=\"color: #008000;\"><strong>Manifest Your 2019 &#8211; JOY<\/strong><\/span><\/li>\n<li><span style=\"color: #691057;\"><strong>Die Vierte Ebene des Seins 2018 Dez<\/strong><\/span><\/li>\n<li><span style=\"color: #691057;\"><strong>Heilung &#8211; Take it easy 2018 Nov<\/strong><\/span><\/li>\n<li><span style=\"color: #691057;\"><strong>Die Erlaubnis zu leben &#8211; EGO 2018 Okt<\/strong><\/span><\/li>\n<li><span style=\"color: #691057;\"><strong>Intuition 2018 Sep<\/strong><\/span><\/li>\n<li><span style=\"color: #691057;\"><strong>Theta-Zustand leicht erreichen &#8211; Siebte Ebene 2018 Juni<\/strong><\/span><\/li>\n<li><span style=\"color: #691057;\"><strong>Wo ist <span style=\"color: #691057;\">meine Kraft 2018 Mai<\/span><\/strong><\/span><\/li>\n<li><span style=\"color: #691057;\"><strong>Meine Seelenfamilie &#8211; F\u00fcnfte Ebene 2018 April<\/strong><\/span><\/li>\n<li><span style=\"color: #691057;\"><strong>Die Sechste Ebene des Seins &#8211; Gesetze 2018 Feb<\/strong><\/span><\/li>\n<li><span style=\"color: #691057;\"><strong>Manifest Your 2018 &#8211; Verzeihen 2018 Jan<\/strong><\/span><\/li>\n<li><span style=\"color: #ff9900;\"><strong>Push The Limits With Love 2017 Nov<\/strong><\/span><\/li>\n<li><span style=\"color: #ff9900;\"><strong>Happiness (zweiteilig) 2017 Okt<\/strong><\/span><\/li>\n<li><span style=\"color: #ff9900;\"><strong>H\u00f6heres Selbst Nr.1 2017 Sep<\/strong><\/span><\/li>\n<\/ul>\n<p><strong>KOSTEN<\/strong> Einzelpreis <strong>\u20ac 25<\/strong> inkl. Ust &#8211; <strong>Mengenrabatt<\/strong> auf Anfrage!<\/p>\n<p><strong><span style=\"text-decoration: underline;\">WIE KANN ICH BESTELLEN?<\/span><\/strong><\/p>\n<p>Schick mir eine <strong>Mail <\/strong>office@quantic-balance.com welches Material du m\u00f6chtest.<\/p>\n<p>Du bekommst das Arbeitsmaterial und eine <strong>Rechnung<\/strong>.<\/p>\n<form action=\"https:\/\/www.paypal.com\/cgi-bin\/webscr\" method=\"post\" target=\"_top\"><input name=\"cmd\" type=\"hidden\" value=\"_s-xclick\" \/><\/form>\n<p><strong><span style=\"color: #3366ff;\">oder<\/span><\/strong><\/p>\n<p><strong>Bank-\u00dcberweisung<\/strong>\u00a0mit <strong>Thema<\/strong> und <strong>Datum<\/strong>! Ich schicke dir anschlie\u00dfend eine Mail mit dem Arbeitsmaterial.<\/p>\n<p><strong>IBAN:<\/strong>\u00a0AT691420020010666660 \u00a0<strong>BIC:<\/strong> BAWAATWW<\/p>","protected":false},"excerpt":{"rendered":"<p>Theta\u00a0Healing\u00ae Praxis-Abend Arbeitsmaterialien f\u00fcr dich und deine Theta-Buddies f\u00fcr dich allein f\u00fcr die Klienten-Arbeit Hier kannst du die ARBEITSMATERIALIEN der vergangenen ThetaHealing Praxis-Abende ERWERBEN. H\u00f6heres Selbst Nr.2 2020 Nov Macht &#8211; Ohnmacht 2020 Feb Manifest Your 2020 &#8211; VER\u00c4NDERUNG Bezeugungen im Theta-Zustand 2019 Nov Meister der F\u00fcnften-Ebene 2019 Juli Der blinde Fleck 2019 Juni Was [&hellip;]<\/p>\n","protected":false},"author":1,"featured_media":0,"parent":0,"menu_order":0,"comment_status":"closed","ping_status":"closed","template":"","meta":{"_genesis_hide_title":false,"_genesis_hide_breadcrumbs":false,"_genesis_hide_singular_image":false,"_genesis_hide_footer_widgets":false,"_genesis_custom_body_class":"","_genesis_custom_post_class":"","_genesis_layout":"","footnotes":""},"class_list":{"0":"post-1360","1":"page","2":"type-page","3":"status-publish","5":"entry"},"yoast_head":"<!-- This site is optimized with the Yoast SEO plugin v27.4 - https:\/\/yoast.com\/product\/yoast-seo-wordpress\/ -->\n<title>Praxis-Abend Arbeitsmaterial<\/title>\n<meta name=\"robots\" content=\"index, follow, max-snippet:-1, max-image-preview:large, max-video-preview:-1\" \/>\n<link rel=\"canonical\" href=\"https:\/\/www.quantic-balance.com\/en\/praxis-abend-arbeitsmaterial\/\" \/>\n<meta property=\"og:locale\" content=\"en_US\" \/>\n<meta property=\"og:type\" content=\"article\" \/>\n<meta property=\"og:title\" content=\"Praxis-Abend Arbeitsmaterial\" \/>\n<meta property=\"og:description\" content=\"Theta\u00a0Healing\u00ae Praxis-Abend Arbeitsmaterialien f\u00fcr dich und deine Theta-Buddies f\u00fcr dich allein f\u00fcr die Klienten-Arbeit Hier kannst du die ARBEITSMATERIALIEN der vergangenen ThetaHealing Praxis-Abende ERWERBEN. H\u00f6heres Selbst Nr.2 2020 Nov Macht &#8211; Ohnmacht 2020 Feb Manifest Your 2020 &#8211; VER\u00c4NDERUNG Bezeugungen im Theta-Zustand 2019 Nov Meister der F\u00fcnften-Ebene 2019 Juli Der blinde Fleck 2019 Juni Was [&hellip;]\" \/>\n<meta property=\"og:url\" content=\"https:\/\/www.quantic-balance.com\/en\/praxis-abend-arbeitsmaterial\/\" \/>\n<meta property=\"og:site_name\" content=\"Lebe deine Berufung\" \/>\n<meta property=\"article:modified_time\" content=\"2024-01-05T16:49:00+00:00\" \/>\n<meta property=\"og:image\" content=\"http:\/\/www.quantic-balance.com\/wp-content\/uploads\/2018\/05\/Vianna-Wolfgang-1803-1.jpg\" \/>\n<meta name=\"twitter:label1\" content=\"Est. reading time\" \/>\n\t<meta name=\"twitter:data1\" content=\"2 minutes\" \/>\n<script type=\"application\/ld+json\" class=\"yoast-schema-graph\">{\"@context\":\"https:\\\/\\\/schema.org\",\"@graph\":[{\"@type\":\"WebPage\",\"@id\":\"https:\\\/\\\/www.quantic-balance.com\\\/praxis-abend-arbeitsmaterial\\\/\",\"url\":\"https:\\\/\\\/www.quantic-balance.com\\\/praxis-abend-arbeitsmaterial\\\/\",\"name\":\"Praxis-Abend Arbeitsmaterial\",\"isPartOf\":{\"@id\":\"https:\\\/\\\/www.quantic-balance.com\\\/#website\"},\"primaryImageOfPage\":{\"@id\":\"https:\\\/\\\/www.quantic-balance.com\\\/praxis-abend-arbeitsmaterial\\\/#primaryimage\"},\"image\":{\"@id\":\"https:\\\/\\\/www.quantic-balance.com\\\/praxis-abend-arbeitsmaterial\\\/#primaryimage\"},\"thumbnailUrl\":\"http:\\\/\\\/www.quantic-balance.com\\\/wp-content\\\/uploads\\\/2018\\\/05\\\/Vianna-Wolfgang-1803-1.jpg\",\"datePublished\":\"2018-05-18T08:56:09+00:00\",\"dateModified\":\"2024-01-05T16:49:00+00:00\",\"breadcrumb\":{\"@id\":\"https:\\\/\\\/www.quantic-balance.com\\\/praxis-abend-arbeitsmaterial\\\/#breadcrumb\"},\"inLanguage\":\"en-US\",\"potentialAction\":[{\"@type\":\"ReadAction\",\"target\":[\"https:\\\/\\\/www.quantic-balance.com\\\/praxis-abend-arbeitsmaterial\\\/\"]}]},{\"@type\":\"ImageObject\",\"inLanguage\":\"en-US\",\"@id\":\"https:\\\/\\\/www.quantic-balance.com\\\/praxis-abend-arbeitsmaterial\\\/#primaryimage\",\"url\":\"http:\\\/\\\/www.quantic-balance.com\\\/wp-content\\\/uploads\\\/2018\\\/05\\\/Vianna-Wolfgang-1803-1.jpg\",\"contentUrl\":\"http:\\\/\\\/www.quantic-balance.com\\\/wp-content\\\/uploads\\\/2018\\\/05\\\/Vianna-Wolfgang-1803-1.jpg\"},{\"@type\":\"BreadcrumbList\",\"@id\":\"https:\\\/\\\/www.quantic-balance.com\\\/praxis-abend-arbeitsmaterial\\\/#breadcrumb\",\"itemListElement\":[{\"@type\":\"ListItem\",\"position\":1,\"name\":\"Home\",\"item\":\"https:\\\/\\\/www.quantic-balance.com\\\/\"},{\"@type\":\"ListItem\",\"position\":2,\"name\":\"Praxis-Abend Arbeitsmaterial\"}]},{\"@type\":\"WebSite\",\"@id\":\"https:\\\/\\\/www.quantic-balance.com\\\/#website\",\"url\":\"https:\\\/\\\/www.quantic-balance.com\\\/\",\"name\":\"Lebe deine Berufung\",\"description\":\" Finde deine Lebensaufgabe\",\"potentialAction\":[{\"@type\":\"SearchAction\",\"target\":{\"@type\":\"EntryPoint\",\"urlTemplate\":\"https:\\\/\\\/www.quantic-balance.com\\\/?s={search_term_string}\"},\"query-input\":{\"@type\":\"PropertyValueSpecification\",\"valueRequired\":true,\"valueName\":\"search_term_string\"}}],\"inLanguage\":\"en-US\"}]}<\/script>\n<!-- \/ Yoast SEO plugin. -->","yoast_head_json":{"title":"Praxis-Abend Arbeitsmaterial","robots":{"index":"index","follow":"follow","max-snippet":"max-snippet:-1","max-image-preview":"max-image-preview:large","max-video-preview":"max-video-preview:-1"},"canonical":"https:\/\/www.quantic-balance.com\/en\/praxis-abend-arbeitsmaterial\/","og_locale":"en_US","og_type":"article","og_title":"Praxis-Abend Arbeitsmaterial","og_description":"Theta\u00a0Healing\u00ae Praxis-Abend Arbeitsmaterialien f\u00fcr dich und deine Theta-Buddies f\u00fcr dich allein f\u00fcr die Klienten-Arbeit Hier kannst du die ARBEITSMATERIALIEN der vergangenen ThetaHealing Praxis-Abende ERWERBEN. H\u00f6heres Selbst Nr.2 2020 Nov Macht &#8211; Ohnmacht 2020 Feb Manifest Your 2020 &#8211; VER\u00c4NDERUNG Bezeugungen im Theta-Zustand 2019 Nov Meister der F\u00fcnften-Ebene 2019 Juli Der blinde Fleck 2019 Juni Was [&hellip;]","og_url":"https:\/\/www.quantic-balance.com\/en\/praxis-abend-arbeitsmaterial\/","og_site_name":"Lebe deine Berufung","article_modified_time":"2024-01-05T16:49:00+00:00","og_image":[{"url":"http:\/\/www.quantic-balance.com\/wp-content\/uploads\/2018\/05\/Vianna-Wolfgang-1803-1.jpg","type":"","width":"","height":""}],"twitter_misc":{"Est. reading time":"2 minutes"},"schema":{"@context":"https:\/\/schema.org","@graph":[{"@type":"WebPage","@id":"https:\/\/www.quantic-balance.com\/praxis-abend-arbeitsmaterial\/","url":"https:\/\/www.quantic-balance.com\/praxis-abend-arbeitsmaterial\/","name":"Praxis-Abend Arbeitsmaterial","isPartOf":{"@id":"https:\/\/www.quantic-balance.com\/#website"},"primaryImageOfPage":{"@id":"https:\/\/www.quantic-balance.com\/praxis-abend-arbeitsmaterial\/#primaryimage"},"image":{"@id":"https:\/\/www.quantic-balance.com\/praxis-abend-arbeitsmaterial\/#primaryimage"},"thumbnailUrl":"http:\/\/www.quantic-balance.com\/wp-content\/uploads\/2018\/05\/Vianna-Wolfgang-1803-1.jpg","datePublished":"2018-05-18T08:56:09+00:00","dateModified":"2024-01-05T16:49:00+00:00","breadcrumb":{"@id":"https:\/\/www.quantic-balance.com\/praxis-abend-arbeitsmaterial\/#breadcrumb"},"inLanguage":"en-US","potentialAction":[{"@type":"ReadAction","target":["https:\/\/www.quantic-balance.com\/praxis-abend-arbeitsmaterial\/"]}]},{"@type":"ImageObject","inLanguage":"en-US","@id":"https:\/\/www.quantic-balance.com\/praxis-abend-arbeitsmaterial\/#primaryimage","url":"http:\/\/www.quantic-balance.com\/wp-content\/uploads\/2018\/05\/Vianna-Wolfgang-1803-1.jpg","contentUrl":"http:\/\/www.quantic-balance.com\/wp-content\/uploads\/2018\/05\/Vianna-Wolfgang-1803-1.jpg"},{"@type":"BreadcrumbList","@id":"https:\/\/www.quantic-balance.com\/praxis-abend-arbeitsmaterial\/#breadcrumb","itemListElement":[{"@type":"ListItem","position":1,"name":"Home","item":"https:\/\/www.quantic-balance.com\/"},{"@type":"ListItem","position":2,"name":"Praxis-Abend Arbeitsmaterial"}]},{"@type":"WebSite","@id":"https:\/\/www.quantic-balance.com\/#website","url":"https:\/\/www.quantic-balance.com\/","name":"Discover Your Purpose","description":"Live Your Calling","potentialAction":[{"@type":"SearchAction","target":{"@type":"EntryPoint","urlTemplate":"https:\/\/www.quantic-balance.com\/?s={search_term_string}"},"query-input":{"@type":"PropertyValueSpecification","valueRequired":true,"valueName":"search_term_string"}}],"inLanguage":"en-US"}]}},"_links":{"self":[{"href":"https:\/\/www.quantic-balance.com\/en\/wp-json\/wp\/v2\/pages\/1360","targetHints":{"allow":["GET"]}}],"collection":[{"href":"https:\/\/www.quantic-balance.com\/en\/wp-json\/wp\/v2\/pages"}],"about":[{"href":"https:\/\/www.quantic-balance.com\/en\/wp-json\/wp\/v2\/types\/page"}],"author":[{"embeddable":true,"href":"https:\/\/www.quantic-balance.com\/en\/wp-json\/wp\/v2\/users\/1"}],"replies":[{"embeddable":true,"href":"https:\/\/www.quantic-balance.com\/en\/wp-json\/wp\/v2\/comments?post=1360"}],"version-history":[{"count":31,"href":"https:\/\/www.quantic-balance.com\/en\/wp-json\/wp\/v2\/pages\/1360\/revisions"}],"predecessor-version":[{"id":2380,"href":"https:\/\/www.quantic-balance.com\/en\/wp-json\/wp\/v2\/pages\/1360\/revisions\/2380"}],"wp:attachment":[{"href":"https:\/\/www.quantic-balance.com\/en\/wp-json\/wp\/v2\/media?parent=1360"}],"curies":[{"name":"wp","href":"https:\/\/api.w.org\/{rel}","templated":true}]}}