{"id":2,"date":"2015-04-15T10:41:17","date_gmt":"2015-04-15T10:41:17","guid":{"rendered":"http:\/\/www.quantic-balance.com\/beispiel-seite\/"},"modified":"2016-04-03T16:05:04","modified_gmt":"2016-04-03T16:05:04","slug":"quantenheilung-in-wien","status":"publish","type":"page","link":"https:\/\/www.quantic-balance.com\/en\/quantenheilung-in-wien\/","title":{"rendered":"Quantic Balance | Quantenheilung"},"content":{"rendered":"<div id=\"header_layer\">\n<div id=\"id1\" class=\"style_SkipStroke shape-with-text\">\n<div class=\"text-content style_External_660_36\">\n<div class=\"style\">\n<h3 class=\"paragraph_style\" style=\"text-align: left;\">Was ist Quantic Balance?<\/h3>\n<\/div>\n<\/div>\n<\/div>\n<\/div>\n<div id=\"body_layer\">\n<div id=\"id2\" class=\"style_SkipStroke_1 shape-with-text\">\n<div class=\"text-content style_External_660_1283\">\n<div class=\"style_1\">\n<p class=\"paragraph_style_3\" style=\"text-align: justify;\"><span class=\"style_2\">Quantic<\/span> <span class=\"style_2\">Balance\u00a0<\/span> bezeichnet den Zustand, in dem man die nat\u00fcrliche Entfaltungskraft des Lebens bewusst und unbewusst erleben kann. Meine Praxis in Wien tr\u00e4gt den Namen &#8222;Quantic Balance&#8220; &#8211; dort begleite ich Menschen auf ihrem Weg\u00a0zu Gesundheit, Selbstvertrauen, Erfolg, Dankbarkeit\u00a0und innerer spiritueller F\u00fchrung.<\/p>\n<p class=\"paragraph_style_3\" style=\"text-align: justify;\">K\u00f6rper, Seele und Geist (Spirit) stehen in st\u00e4ndiger <span class=\"style_2\">Kommunikation<\/span> miteinander. Der K\u00f6rper spricht mit der Seele durch die Sprache der Emotionen, Gef\u00fchle. Die Seele spricht mit dem Geist (Spirit) durch die Sprache der Kreativit\u00e4t.<\/p>\n<p class=\"paragraph_style_5\" style=\"text-align: center;\"><strong>K\u00f6rper und Seele kommunizieren \u00fcber die Sprache der <span class=\"style_2\">Emotionen, Gef\u00fchle<\/span>.<\/strong><\/p>\n<p class=\"paragraph_style_5\" style=\"text-align: center;\"><strong>Seele und Geist (Spirit) kommunizieren \u00fcber die Sprache der <span class=\"style_2\">Kreativit\u00e4t<\/span>.<\/strong><\/p>\n<p class=\"paragraph_style_3\" style=\"text-align: justify;\">Die Seele verwendet als Verst\u00e4ndigungsmittel auch <span class=\"style_2\">Gedanken<\/span>. Sie sind eine gestalterische, formgebende Kraft und wirken von der Seele aus sowohl zum K\u00f6rper als auch zum Geist (Spirit).<\/p>\n<p class=\"paragraph_style_3\" style=\"text-align: justify;\">Die Kommunikation zwischen Geist (Spirit), Seele und K\u00f6rper f\u00e4llt uns oft erst dann auf, wenn einer dieser Bereiche aus der <span class=\"style_2\">Balance<\/span> ger\u00e4t und dabei Schmerz oder Unsicherheit entsteht. Das ist ein Ruf nach Aufmerksamkeit von Geist (Spirit) oder Seele oder K\u00f6rper, um sich Geh\u00f6r zu verschaffen.<\/p>\n<p class=\"paragraph_style_3\" style=\"text-align: justify;\">So kann es sein, dass Emotionen, Gef\u00fchle pl\u00f6tzlich auf sich aufmerksam machen, weil sie etwas mitteilen wollen. Dabei geht es nicht um die Emotionen, Gef\u00fchle an sich, sondern um die Botschaft, die dahinter steht. Wird sie erkannt, so braucht es nicht l\u00e4nger eine \u00fcberdeutliche und schmerzhafte Sprache der Emotionen und Gef\u00fchle, sondern <span class=\"style_2\">Harmonie<\/span> kehrt in das System zur\u00fcck. Zwei M\u00f6glichkeiten, die bewusste und unbewusste Kommunikation zwischen K\u00f6rper und Seele wieder herzustellen m\u00f6chte ich hier hervorheben:<\/p>\n<p class=\"paragraph_style_5\" style=\"text-align: center;\"><strong><span class=\"style_2\">ThetaHealing\u00a0<\/span><\/strong>\u00ae<strong>\u00a0&#8211;\u00a0<span class=\"style_2\">HYPNOSE &#8211; emotionSync \u00ae<\/span><\/strong><\/p>\n<p class=\"paragraph_style_3\" style=\"text-align: justify;\">F\u00fcr mich sind sie \u00e4u\u00dferst effektive Werkzeuge unter vielen, um emotionale Schmerzzust\u00e4nde zu harmonisieren. Mehr dar\u00fcber erfahren Sie auf den Seiten\u00a0<a href=\"http:\/\/www.quantic-balance.com\/en\/thetahealing-oesterreich\/\">ThetaHealing \u00ae<\/a>\u00a0und\u00a0<a href=\"http:\/\/www.quantic-balance.com\/en\/hypnose-rueckfuehrung-wien\/\">Hypnosis<\/a>\u00a0und <a href=\"http:\/\/www.quantic-balance.com\/en\/emotionsync\/\" target=\"_blank\">emotionSync<\/a>\u00a0\u00ae<\/p>\n<p class=\"paragraph_style_3 translation-block\" style=\"text-align: justify;\">Another form of communication is the language of creativity \u2013 this is how the Soul communicates with the Spirit. If there is a communication problem between these two levels, it expresses itself, for example, through the opposite of creativity: depression. Here too, ThetaHealing, HYPNOSIS, and emotionSync can help achieve balanced communication between Soul and Spirit.<\/p>\n<p class=\"paragraph_style_3\" style=\"text-align: justify;\">Quantic Balance is intended to help better understand the language of the Body, the Soul, and the Spirit. Whoever understands the language of the body can influence it and thereby also reach the soul. Whoever listens to the language of creativity finds access to the communication between their own Soul and Spirit.<\/p>\n<p class=\"paragraph_style_3\" style=\"text-align: justify;\">This is meant to help shape the various energies of everyday life (more) consciously or to surrender with full trust to the power that works from within our innermost being by itself.<\/p>\n<p class=\"paragraph_style_6\" style=\"text-align: center;\">Die nat\u00fcrliche Entfaltungskraft des Lebens hei\u00dft:<\/p>\n<p class=\"paragraph_style_6\" style=\"text-align: center;\"><strong>ALIVENESS<\/strong><\/p>\n<p class=\"paragraph_style_6\" style=\"text-align: center;\">it is our nature<\/p>\n<\/div>\n<\/div>\n<\/div>\n<\/div>","protected":false},"excerpt":{"rendered":"<p>Was ist Quantic Balance? Quantic Balance\u00a0 bezeichnet den Zustand, in dem man die nat\u00fcrliche Entfaltungskraft des Lebens bewusst und unbewusst erleben kann. Meine Praxis in Wien tr\u00e4gt den Namen &#8222;Quantic Balance&#8220; &#8211; dort begleite ich Menschen auf ihrem Weg\u00a0zu Gesundheit, Selbstvertrauen, Erfolg, Dankbarkeit\u00a0und innerer spiritueller F\u00fchrung. K\u00f6rper, Seele und Geist (Spirit) stehen in st\u00e4ndiger Kommunikation [&hellip;]<\/p>\n","protected":false},"author":1,"featured_media":0,"parent":0,"menu_order":0,"comment_status":"open","ping_status":"closed","template":"","meta":{"_genesis_hide_title":false,"_genesis_hide_breadcrumbs":false,"_genesis_hide_singular_image":false,"_genesis_hide_footer_widgets":false,"_genesis_custom_body_class":"","_genesis_custom_post_class":"","_genesis_layout":"","footnotes":""},"class_list":{"0":"post-2","1":"page","2":"type-page","3":"status-publish","5":"entry"},"yoast_head":"<!-- This site is optimized with the Yoast SEO plugin v27.3 - https:\/\/yoast.com\/product\/yoast-seo-wordpress\/ -->\n<title>Was ist Quantic Balance | Quantenheilung in Wien finden<\/title>\n<meta name=\"robots\" content=\"index, follow, max-snippet:-1, max-image-preview:large, max-video-preview:-1\" \/>\n<link rel=\"canonical\" href=\"https:\/\/www.quantic-balance.com\/en\/quantenheilung-in-wien\/\" \/>\n<meta property=\"og:locale\" content=\"en_US\" \/>\n<meta property=\"og:type\" content=\"article\" \/>\n<meta property=\"og:title\" content=\"Was ist Quantic Balance | Quantenheilung in Wien finden\" \/>\n<meta property=\"og:description\" content=\"Was ist Quantic Balance? Quantic Balance\u00a0 bezeichnet den Zustand, in dem man die nat\u00fcrliche Entfaltungskraft des Lebens bewusst und unbewusst erleben kann. Meine Praxis in Wien tr\u00e4gt den Namen &#8222;Quantic Balance&#8220; &#8211; dort begleite ich Menschen auf ihrem Weg\u00a0zu Gesundheit, Selbstvertrauen, Erfolg, Dankbarkeit\u00a0und innerer spiritueller F\u00fchrung. K\u00f6rper, Seele und Geist (Spirit) stehen in st\u00e4ndiger Kommunikation [&hellip;]\" \/>\n<meta property=\"og:url\" content=\"https:\/\/www.quantic-balance.com\/en\/quantenheilung-in-wien\/\" \/>\n<meta property=\"og:site_name\" content=\"Lebe deine Berufung\" \/>\n<meta property=\"article:modified_time\" content=\"2016-04-03T16:05:04+00:00\" \/>\n<meta name=\"twitter:label1\" content=\"Est. reading time\" \/>\n\t<meta name=\"twitter:data1\" content=\"2 minutes\" \/>\n<script type=\"application\/ld+json\" class=\"yoast-schema-graph\">{\"@context\":\"https:\\\/\\\/schema.org\",\"@graph\":[{\"@type\":\"WebPage\",\"@id\":\"https:\\\/\\\/www.quantic-balance.com\\\/quantenheilung-in-wien\\\/\",\"url\":\"https:\\\/\\\/www.quantic-balance.com\\\/quantenheilung-in-wien\\\/\",\"name\":\"Was ist Quantic Balance | Quantenheilung in Wien finden\",\"isPartOf\":{\"@id\":\"https:\\\/\\\/www.quantic-balance.com\\\/#website\"},\"datePublished\":\"2015-04-15T10:41:17+00:00\",\"dateModified\":\"2016-04-03T16:05:04+00:00\",\"breadcrumb\":{\"@id\":\"https:\\\/\\\/www.quantic-balance.com\\\/quantenheilung-in-wien\\\/#breadcrumb\"},\"inLanguage\":\"en-US\",\"potentialAction\":[{\"@type\":\"ReadAction\",\"target\":[\"https:\\\/\\\/www.quantic-balance.com\\\/quantenheilung-in-wien\\\/\"]}]},{\"@type\":\"BreadcrumbList\",\"@id\":\"https:\\\/\\\/www.quantic-balance.com\\\/quantenheilung-in-wien\\\/#breadcrumb\",\"itemListElement\":[{\"@type\":\"ListItem\",\"position\":1,\"name\":\"Home\",\"item\":\"https:\\\/\\\/www.quantic-balance.com\\\/\"},{\"@type\":\"ListItem\",\"position\":2,\"name\":\"Quantic Balance | Quantenheilung\"}]},{\"@type\":\"WebSite\",\"@id\":\"https:\\\/\\\/www.quantic-balance.com\\\/#website\",\"url\":\"https:\\\/\\\/www.quantic-balance.com\\\/\",\"name\":\"Lebe deine Berufung\",\"description\":\" Finde deine Lebensaufgabe\",\"potentialAction\":[{\"@type\":\"SearchAction\",\"target\":{\"@type\":\"EntryPoint\",\"urlTemplate\":\"https:\\\/\\\/www.quantic-balance.com\\\/?s={search_term_string}\"},\"query-input\":{\"@type\":\"PropertyValueSpecification\",\"valueRequired\":true,\"valueName\":\"search_term_string\"}}],\"inLanguage\":\"en-US\"}]}<\/script>\n<!-- \/ Yoast SEO plugin. -->","yoast_head_json":{"title":"Was ist Quantic Balance | Quantenheilung in Wien finden","robots":{"index":"index","follow":"follow","max-snippet":"max-snippet:-1","max-image-preview":"max-image-preview:large","max-video-preview":"max-video-preview:-1"},"canonical":"https:\/\/www.quantic-balance.com\/en\/quantenheilung-in-wien\/","og_locale":"en_US","og_type":"article","og_title":"Was ist Quantic Balance | Quantenheilung in Wien finden","og_description":"Was ist Quantic Balance? Quantic Balance\u00a0 bezeichnet den Zustand, in dem man die nat\u00fcrliche Entfaltungskraft des Lebens bewusst und unbewusst erleben kann. Meine Praxis in Wien tr\u00e4gt den Namen &#8222;Quantic Balance&#8220; &#8211; dort begleite ich Menschen auf ihrem Weg\u00a0zu Gesundheit, Selbstvertrauen, Erfolg, Dankbarkeit\u00a0und innerer spiritueller F\u00fchrung. K\u00f6rper, Seele und Geist (Spirit) stehen in st\u00e4ndiger Kommunikation [&hellip;]","og_url":"https:\/\/www.quantic-balance.com\/en\/quantenheilung-in-wien\/","og_site_name":"Lebe deine Berufung","article_modified_time":"2016-04-03T16:05:04+00:00","twitter_misc":{"Est. reading time":"2 minutes"},"schema":{"@context":"https:\/\/schema.org","@graph":[{"@type":"WebPage","@id":"https:\/\/www.quantic-balance.com\/quantenheilung-in-wien\/","url":"https:\/\/www.quantic-balance.com\/quantenheilung-in-wien\/","name":"Was ist Quantic Balance | Quantenheilung in Wien finden","isPartOf":{"@id":"https:\/\/www.quantic-balance.com\/#website"},"datePublished":"2015-04-15T10:41:17+00:00","dateModified":"2016-04-03T16:05:04+00:00","breadcrumb":{"@id":"https:\/\/www.quantic-balance.com\/quantenheilung-in-wien\/#breadcrumb"},"inLanguage":"en-US","potentialAction":[{"@type":"ReadAction","target":["https:\/\/www.quantic-balance.com\/quantenheilung-in-wien\/"]}]},{"@type":"BreadcrumbList","@id":"https:\/\/www.quantic-balance.com\/quantenheilung-in-wien\/#breadcrumb","itemListElement":[{"@type":"ListItem","position":1,"name":"Home","item":"https:\/\/www.quantic-balance.com\/"},{"@type":"ListItem","position":2,"name":"Quantic Balance | Quantenheilung"}]},{"@type":"WebSite","@id":"https:\/\/www.quantic-balance.com\/#website","url":"https:\/\/www.quantic-balance.com\/","name":"Discover Your Purpose","description":"Live Your Calling","potentialAction":[{"@type":"SearchAction","target":{"@type":"EntryPoint","urlTemplate":"https:\/\/www.quantic-balance.com\/?s={search_term_string}"},"query-input":{"@type":"PropertyValueSpecification","valueRequired":true,"valueName":"search_term_string"}}],"inLanguage":"en-US"}]}},"_links":{"self":[{"href":"https:\/\/www.quantic-balance.com\/en\/wp-json\/wp\/v2\/pages\/2","targetHints":{"allow":["GET"]}}],"collection":[{"href":"https:\/\/www.quantic-balance.com\/en\/wp-json\/wp\/v2\/pages"}],"about":[{"href":"https:\/\/www.quantic-balance.com\/en\/wp-json\/wp\/v2\/types\/page"}],"author":[{"embeddable":true,"href":"https:\/\/www.quantic-balance.com\/en\/wp-json\/wp\/v2\/users\/1"}],"replies":[{"embeddable":true,"href":"https:\/\/www.quantic-balance.com\/en\/wp-json\/wp\/v2\/comments?post=2"}],"version-history":[{"count":21,"href":"https:\/\/www.quantic-balance.com\/en\/wp-json\/wp\/v2\/pages\/2\/revisions"}],"predecessor-version":[{"id":1000,"href":"https:\/\/www.quantic-balance.com\/en\/wp-json\/wp\/v2\/pages\/2\/revisions\/1000"}],"wp:attachment":[{"href":"https:\/\/www.quantic-balance.com\/en\/wp-json\/wp\/v2\/media?parent=2"}],"curies":[{"name":"wp","href":"https:\/\/api.w.org\/{rel}","templated":true}]}}