{"id":2211,"date":"2022-03-12T09:05:04","date_gmt":"2022-03-12T08:05:04","guid":{"rendered":"https:\/\/www.quantic-balance.com\/?page_id=2211"},"modified":"2026-01-02T11:51:53","modified_gmt":"2026-01-02T10:51:53","slug":"lebe-deine-berufung","status":"publish","type":"page","link":"https:\/\/www.quantic-balance.com\/en\/lebe-deine-berufung\/","title":{"rendered":"Discover Your Purpose"},"content":{"rendered":"<div class=\"wp-block-image is-style-rounded\">\n<figure class=\"aligncenter size-thumbnail\"><img loading=\"lazy\" decoding=\"async\" width=\"150\" height=\"150\" src=\"https:\/\/www.quantic-balance.com\/wp-content\/uploads\/2022\/03\/Lebe-Deine-Berufung-Wolfgang-Racher-150x150.jpeg\" alt=\"\" class=\"wp-image-2225\"\/><\/figure>\n<\/div>\n\n\n<h2 class=\"wp-block-heading has-text-align-center has-text-color\" style=\"color:#083e73\"><strong>Your Trusted Partner for Finding Your True Calling<\/strong><\/h2>\n\n\n\n<h3 class=\"wp-block-heading has-text-align-center\" style=\"font-style:normal;font-weight:600\">What does your heart truly beat for?<\/h3>\n\n\n\n<h3 class=\"wp-block-heading has-text-align-center has-text-color\" style=\"color:#083e73\">Discover your unique gift with the Audio Guide &amp; Workbook!<\/h3>\n\n\n\n<p class=\"has-text-align-center has-text-color has-link-color has-medium-font-size wp-elements-b442f429a0ef51adcf237edc389b3b65\" style=\"color:#083e73\"><strong>I have developed a SYSTEM to help you UNLOCK the unique GIFT within you.<\/strong><\/p>\n\n\n\n<p><\/p>\n\n\n\n<div class=\"wp-block-buttons is-content-justification-center is-layout-flex wp-container-core-buttons-is-layout-16018d1d wp-block-buttons-is-layout-flex\" id=\"https:\/\/www.lebedeineberufung.info\">\n<div class=\"wp-block-button has-custom-width wp-block-button__width-50\"><a class=\"wp-block-button__link has-vivid-red-background-color has-background has-custom-font-size wp-element-button\" href=\"https:\/\/www.lebedeineberufung.info\" style=\"border-radius:21px;font-size:22px\" target=\"_blank\" rel=\"https:\/\/www.lebedeineberufung.info noopener\">ERFAHRE MEHR \u00dcBER DEINE BERUFUNG<\/a><\/div>\n<\/div>\n\n\n\n<p class=\"has-text-align-center has-text-color\" style=\"color:#002124;font-style:normal;font-weight:700\">Your purpose is the WHY behind everything you do.<\/p>\n\n\n<h1 class=\"wp-block-site-title\"><a href=\"https:\/\/www.quantic-balance.com\/en\" target=\"_self\" rel=\"home\">Discover Your Purpose<\/a><\/h1>\n\n\n<p><\/p>","protected":false},"excerpt":{"rendered":"<p>Dein verl\u00e4sslicher PARTNER zum FINDEN der eigenen LEBENS-BERUFUNG Wof\u00fcr schl\u00e4gt dein Herz wirklich? Entdecke mit dem AUDIO-GUIDE &amp; WORKBOOK deine einzigartige GABE! Ich habe ein SYSTEM entwickelt, mit dem Du die einzigartige GABE, die in dir steckt, ENTDECKST. Deine BERUFUNG ist das WARUM hinter allem, was du tust.<\/p>","protected":false},"author":1,"featured_media":0,"parent":0,"menu_order":0,"comment_status":"closed","ping_status":"closed","template":"","meta":{"_genesis_hide_title":false,"_genesis_hide_breadcrumbs":false,"_genesis_hide_singular_image":false,"_genesis_hide_footer_widgets":false,"_genesis_custom_body_class":"","_genesis_custom_post_class":"","_genesis_layout":"","footnotes":""},"class_list":{"0":"post-2211","1":"page","2":"type-page","3":"status-publish","5":"entry"},"yoast_head":"<!-- This site is optimized with the Yoast SEO plugin v27.4 - https:\/\/yoast.com\/product\/yoast-seo-wordpress\/ -->\n<title>Lebe deine Berufung<\/title>\n<meta name=\"description\" content=\"Was ist meine Lebensaufgabe? SELBSTSTUDIUM-KURS zum Herausfinden der eigenen Berufung. Finde den Sinn im eigenen Tun.\" \/>\n<meta name=\"robots\" content=\"index, follow, max-snippet:-1, max-image-preview:large, max-video-preview:-1\" \/>\n<link rel=\"canonical\" href=\"https:\/\/www.quantic-balance.com\/en\/lebe-deine-berufung\/\" \/>\n<meta property=\"og:locale\" content=\"en_US\" \/>\n<meta property=\"og:type\" content=\"article\" \/>\n<meta property=\"og:title\" content=\"Lebe deine Berufung\" \/>\n<meta property=\"og:description\" content=\"Was ist meine Lebensaufgabe? SELBSTSTUDIUM-KURS zum Herausfinden der eigenen Berufung. Finde den Sinn im eigenen Tun.\" \/>\n<meta property=\"og:url\" content=\"https:\/\/www.quantic-balance.com\/en\/lebe-deine-berufung\/\" \/>\n<meta property=\"og:site_name\" content=\"Lebe deine Berufung\" \/>\n<meta property=\"article:modified_time\" content=\"2026-01-02T10:51:53+00:00\" \/>\n<meta property=\"og:image\" content=\"https:\/\/www.quantic-balance.com\/wp-content\/uploads\/2022\/03\/Lebe-Deine-Berufung-Wolfgang-Racher.jpeg\" \/>\n\t<meta property=\"og:image:width\" content=\"1278\" \/>\n\t<meta property=\"og:image:height\" content=\"1187\" \/>\n\t<meta property=\"og:image:type\" content=\"image\/jpeg\" \/>\n<meta name=\"twitter:label1\" content=\"Est. reading time\" \/>\n\t<meta name=\"twitter:data1\" content=\"1 minute\" \/>\n<script type=\"application\/ld+json\" class=\"yoast-schema-graph\">{\"@context\":\"https:\\\/\\\/schema.org\",\"@graph\":[{\"@type\":\"WebPage\",\"@id\":\"https:\\\/\\\/www.quantic-balance.com\\\/lebe-deine-berufung\\\/\",\"url\":\"https:\\\/\\\/www.quantic-balance.com\\\/lebe-deine-berufung\\\/\",\"name\":\"Lebe deine Berufung\",\"isPartOf\":{\"@id\":\"https:\\\/\\\/www.quantic-balance.com\\\/#website\"},\"primaryImageOfPage\":{\"@id\":\"https:\\\/\\\/www.quantic-balance.com\\\/lebe-deine-berufung\\\/#primaryimage\"},\"image\":{\"@id\":\"https:\\\/\\\/www.quantic-balance.com\\\/lebe-deine-berufung\\\/#primaryimage\"},\"thumbnailUrl\":\"https:\\\/\\\/www.quantic-balance.com\\\/wp-content\\\/uploads\\\/2022\\\/03\\\/Lebe-Deine-Berufung-Wolfgang-Racher-150x150.jpeg\",\"datePublished\":\"2022-03-12T08:05:04+00:00\",\"dateModified\":\"2026-01-02T10:51:53+00:00\",\"description\":\"Was ist meine Lebensaufgabe? SELBSTSTUDIUM-KURS zum Herausfinden der eigenen Berufung. Finde den Sinn im eigenen Tun.\",\"breadcrumb\":{\"@id\":\"https:\\\/\\\/www.quantic-balance.com\\\/lebe-deine-berufung\\\/#breadcrumb\"},\"inLanguage\":\"en-US\",\"potentialAction\":[{\"@type\":\"ReadAction\",\"target\":[\"https:\\\/\\\/www.quantic-balance.com\\\/lebe-deine-berufung\\\/\"]}]},{\"@type\":\"ImageObject\",\"inLanguage\":\"en-US\",\"@id\":\"https:\\\/\\\/www.quantic-balance.com\\\/lebe-deine-berufung\\\/#primaryimage\",\"url\":\"https:\\\/\\\/www.quantic-balance.com\\\/wp-content\\\/uploads\\\/2022\\\/03\\\/Lebe-Deine-Berufung-Wolfgang-Racher-150x150.jpeg\",\"contentUrl\":\"https:\\\/\\\/www.quantic-balance.com\\\/wp-content\\\/uploads\\\/2022\\\/03\\\/Lebe-Deine-Berufung-Wolfgang-Racher-150x150.jpeg\"},{\"@type\":\"BreadcrumbList\",\"@id\":\"https:\\\/\\\/www.quantic-balance.com\\\/lebe-deine-berufung\\\/#breadcrumb\",\"itemListElement\":[{\"@type\":\"ListItem\",\"position\":1,\"name\":\"Home\",\"item\":\"https:\\\/\\\/www.quantic-balance.com\\\/\"},{\"@type\":\"ListItem\",\"position\":2,\"name\":\"Lebe deine Berufung\"}]},{\"@type\":\"WebSite\",\"@id\":\"https:\\\/\\\/www.quantic-balance.com\\\/#website\",\"url\":\"https:\\\/\\\/www.quantic-balance.com\\\/\",\"name\":\"Lebe deine Berufung\",\"description\":\" Finde deine Lebensaufgabe\",\"potentialAction\":[{\"@type\":\"SearchAction\",\"target\":{\"@type\":\"EntryPoint\",\"urlTemplate\":\"https:\\\/\\\/www.quantic-balance.com\\\/?s={search_term_string}\"},\"query-input\":{\"@type\":\"PropertyValueSpecification\",\"valueRequired\":true,\"valueName\":\"search_term_string\"}}],\"inLanguage\":\"en-US\"}]}<\/script>\n<!-- \/ Yoast SEO plugin. -->","yoast_head_json":{"title":"Discover Your Purpose","description":"Was ist meine Lebensaufgabe? SELBSTSTUDIUM-KURS zum Herausfinden der eigenen Berufung. Finde den Sinn im eigenen Tun.","robots":{"index":"index","follow":"follow","max-snippet":"max-snippet:-1","max-image-preview":"max-image-preview:large","max-video-preview":"max-video-preview:-1"},"canonical":"https:\/\/www.quantic-balance.com\/en\/lebe-deine-berufung\/","og_locale":"en_US","og_type":"article","og_title":"Lebe deine Berufung","og_description":"Was ist meine Lebensaufgabe? SELBSTSTUDIUM-KURS zum Herausfinden der eigenen Berufung. Finde den Sinn im eigenen Tun.","og_url":"https:\/\/www.quantic-balance.com\/en\/lebe-deine-berufung\/","og_site_name":"Lebe deine Berufung","article_modified_time":"2026-01-02T10:51:53+00:00","og_image":[{"width":1278,"height":1187,"url":"https:\/\/www.quantic-balance.com\/wp-content\/uploads\/2022\/03\/Lebe-Deine-Berufung-Wolfgang-Racher.jpeg","type":"image\/jpeg"}],"twitter_misc":{"Est. reading time":"1 minute"},"schema":{"@context":"https:\/\/schema.org","@graph":[{"@type":"WebPage","@id":"https:\/\/www.quantic-balance.com\/lebe-deine-berufung\/","url":"https:\/\/www.quantic-balance.com\/lebe-deine-berufung\/","name":"Discover Your Purpose","isPartOf":{"@id":"https:\/\/www.quantic-balance.com\/#website"},"primaryImageOfPage":{"@id":"https:\/\/www.quantic-balance.com\/lebe-deine-berufung\/#primaryimage"},"image":{"@id":"https:\/\/www.quantic-balance.com\/lebe-deine-berufung\/#primaryimage"},"thumbnailUrl":"https:\/\/www.quantic-balance.com\/wp-content\/uploads\/2022\/03\/Lebe-Deine-Berufung-Wolfgang-Racher-150x150.jpeg","datePublished":"2022-03-12T08:05:04+00:00","dateModified":"2026-01-02T10:51:53+00:00","description":"Was ist meine Lebensaufgabe? SELBSTSTUDIUM-KURS zum Herausfinden der eigenen Berufung. Finde den Sinn im eigenen Tun.","breadcrumb":{"@id":"https:\/\/www.quantic-balance.com\/lebe-deine-berufung\/#breadcrumb"},"inLanguage":"en-US","potentialAction":[{"@type":"ReadAction","target":["https:\/\/www.quantic-balance.com\/lebe-deine-berufung\/"]}]},{"@type":"ImageObject","inLanguage":"en-US","@id":"https:\/\/www.quantic-balance.com\/lebe-deine-berufung\/#primaryimage","url":"https:\/\/www.quantic-balance.com\/wp-content\/uploads\/2022\/03\/Lebe-Deine-Berufung-Wolfgang-Racher-150x150.jpeg","contentUrl":"https:\/\/www.quantic-balance.com\/wp-content\/uploads\/2022\/03\/Lebe-Deine-Berufung-Wolfgang-Racher-150x150.jpeg"},{"@type":"BreadcrumbList","@id":"https:\/\/www.quantic-balance.com\/lebe-deine-berufung\/#breadcrumb","itemListElement":[{"@type":"ListItem","position":1,"name":"Home","item":"https:\/\/www.quantic-balance.com\/"},{"@type":"ListItem","position":2,"name":"Lebe deine Berufung"}]},{"@type":"WebSite","@id":"https:\/\/www.quantic-balance.com\/#website","url":"https:\/\/www.quantic-balance.com\/","name":"Discover Your Purpose","description":"Live Your Calling","potentialAction":[{"@type":"SearchAction","target":{"@type":"EntryPoint","urlTemplate":"https:\/\/www.quantic-balance.com\/?s={search_term_string}"},"query-input":{"@type":"PropertyValueSpecification","valueRequired":true,"valueName":"search_term_string"}}],"inLanguage":"en-US"}]}},"_links":{"self":[{"href":"https:\/\/www.quantic-balance.com\/en\/wp-json\/wp\/v2\/pages\/2211","targetHints":{"allow":["GET"]}}],"collection":[{"href":"https:\/\/www.quantic-balance.com\/en\/wp-json\/wp\/v2\/pages"}],"about":[{"href":"https:\/\/www.quantic-balance.com\/en\/wp-json\/wp\/v2\/types\/page"}],"author":[{"embeddable":true,"href":"https:\/\/www.quantic-balance.com\/en\/wp-json\/wp\/v2\/users\/1"}],"replies":[{"embeddable":true,"href":"https:\/\/www.quantic-balance.com\/en\/wp-json\/wp\/v2\/comments?post=2211"}],"version-history":[{"count":17,"href":"https:\/\/www.quantic-balance.com\/en\/wp-json\/wp\/v2\/pages\/2211\/revisions"}],"predecessor-version":[{"id":2405,"href":"https:\/\/www.quantic-balance.com\/en\/wp-json\/wp\/v2\/pages\/2211\/revisions\/2405"}],"wp:attachment":[{"href":"https:\/\/www.quantic-balance.com\/en\/wp-json\/wp\/v2\/media?parent=2211"}],"curies":[{"name":"wp","href":"https:\/\/api.w.org\/{rel}","templated":true}]}}