{"id":2351,"date":"2023-02-16T09:04:38","date_gmt":"2023-02-16T08:04:38","guid":{"rendered":"https:\/\/www.quantic-balance.com\/?page_id=2351"},"modified":"2023-10-10T08:52:49","modified_gmt":"2023-10-10T06:52:49","slug":"kommunikationstraining","status":"publish","type":"page","link":"https:\/\/www.quantic-balance.com\/en\/kommunikationstraining\/","title":{"rendered":"Communication Training"},"content":{"rendered":"<p class=\"has-black-color has-text-color has-medium-font-size\"><strong>Communication Training for Entrepreneurs and Leaders<\/strong><\/p>\n\n\n\n<p>Successful communication within a company begins with the right communication with yourself.<\/p>\n\n\n\n<p>The most dominant voice in any conversation is the voice inside your own head: \"Self-Talk.\" <\/p>\n\n\n\n<p>Positive and motivating communication between employees can only truly flourish when there is awareness of one's own inner communication.<\/p>\n\n\n\n<p><span style=\"text-decoration: underline;\">Communication Training for Entrepreneurs and Leaders<\/span><\/p>\n\n\n\n<ol class=\"wp-block-list\">\n<li>Get to know the voice in your head \u2013 it is a permanent guest!<\/li>\n\n\n\n<li>Perception and awareness of your own self-talk.<\/li>\n\n\n\n<li>Strategies for dealing with your \"Inner Critic.\"<\/li>\n\n\n\n<li>Changing ingrained mental programs in the brain and body.<\/li>\n\n\n\n<li>Setting new goals for the company.<\/li>\n\n\n\n<li>Practical applications for maintaining a positive inner voice.<\/li>\n<\/ol>\n\n\n\n<p><strong>Motivated leaders can identify with the WHY \u2013 the PURPOSE \u2013 of the company!<\/strong><\/p>\n\n\n\n<p><\/p>","protected":false},"excerpt":{"rendered":"<p>Kommunikationstraining f\u00fcr Unternehmer und F\u00fchrungskr\u00e4fte Erfolgreiche Kommunikation im Unternehmen beginnt mit der richtigen Kommunikation mit sich selbst. Die dominanteste Stimme jeglicher Kommunikation ist die Stimme im eigenen Kopf: &#8222;Selbstgespr\u00e4che&#8220; Eine positive und motivierende Kommunikation zwischen Mitarbeitern eines Unternehmens kann vor allem dann stattfinden, wenn die eigene, innere Kommunikation bewusst gemacht wird. Kommunikationstraining f\u00fcr Unternehmer und [&hellip;]<\/p>\n","protected":false},"author":1,"featured_media":0,"parent":0,"menu_order":0,"comment_status":"closed","ping_status":"closed","template":"","meta":{"_genesis_hide_title":false,"_genesis_hide_breadcrumbs":false,"_genesis_hide_singular_image":false,"_genesis_hide_footer_widgets":false,"_genesis_custom_body_class":"","_genesis_custom_post_class":"","_genesis_layout":"","footnotes":""},"class_list":{"0":"post-2351","1":"page","2":"type-page","3":"status-publish","5":"entry"},"yoast_head":"<!-- This site is optimized with the Yoast SEO plugin v27.4 - https:\/\/yoast.com\/product\/yoast-seo-wordpress\/ -->\n<title>Kommunikationstraining<\/title>\n<meta name=\"description\" content=\"Kommunikations-Training f\u00fcr F\u00fchrungskr\u00e4fte erh\u00f6ht den Erfolg im Unternehmen. Kommunikation beginnt im Kopf bei dir selbst!\" \/>\n<meta name=\"robots\" content=\"index, follow, max-snippet:-1, max-image-preview:large, max-video-preview:-1\" \/>\n<link rel=\"canonical\" href=\"https:\/\/www.quantic-balance.com\/en\/kommunikationstraining\/\" \/>\n<meta property=\"og:locale\" content=\"en_US\" \/>\n<meta property=\"og:type\" content=\"article\" \/>\n<meta property=\"og:title\" content=\"Kommunikationstraining\" \/>\n<meta property=\"og:description\" content=\"Kommunikations-Training f\u00fcr F\u00fchrungskr\u00e4fte erh\u00f6ht den Erfolg im Unternehmen. Kommunikation beginnt im Kopf bei dir selbst!\" \/>\n<meta property=\"og:url\" content=\"https:\/\/www.quantic-balance.com\/en\/kommunikationstraining\/\" \/>\n<meta property=\"og:site_name\" content=\"Lebe deine Berufung\" \/>\n<meta property=\"article:modified_time\" content=\"2023-10-10T06:52:49+00:00\" \/>\n<meta name=\"twitter:label1\" content=\"Est. reading time\" \/>\n\t<meta name=\"twitter:data1\" content=\"1 minute\" \/>\n<script type=\"application\/ld+json\" class=\"yoast-schema-graph\">{\"@context\":\"https:\\\/\\\/schema.org\",\"@graph\":[{\"@type\":\"WebPage\",\"@id\":\"https:\\\/\\\/www.quantic-balance.com\\\/kommunikationstraining\\\/\",\"url\":\"https:\\\/\\\/www.quantic-balance.com\\\/kommunikationstraining\\\/\",\"name\":\"Kommunikationstraining\",\"isPartOf\":{\"@id\":\"https:\\\/\\\/www.quantic-balance.com\\\/#website\"},\"datePublished\":\"2023-02-16T08:04:38+00:00\",\"dateModified\":\"2023-10-10T06:52:49+00:00\",\"description\":\"Kommunikations-Training f\u00fcr F\u00fchrungskr\u00e4fte erh\u00f6ht den Erfolg im Unternehmen. Kommunikation beginnt im Kopf bei dir selbst!\",\"breadcrumb\":{\"@id\":\"https:\\\/\\\/www.quantic-balance.com\\\/kommunikationstraining\\\/#breadcrumb\"},\"inLanguage\":\"en-US\",\"potentialAction\":[{\"@type\":\"ReadAction\",\"target\":[\"https:\\\/\\\/www.quantic-balance.com\\\/kommunikationstraining\\\/\"]}]},{\"@type\":\"BreadcrumbList\",\"@id\":\"https:\\\/\\\/www.quantic-balance.com\\\/kommunikationstraining\\\/#breadcrumb\",\"itemListElement\":[{\"@type\":\"ListItem\",\"position\":1,\"name\":\"Home\",\"item\":\"https:\\\/\\\/www.quantic-balance.com\\\/\"},{\"@type\":\"ListItem\",\"position\":2,\"name\":\"Kommunikationstraining\"}]},{\"@type\":\"WebSite\",\"@id\":\"https:\\\/\\\/www.quantic-balance.com\\\/#website\",\"url\":\"https:\\\/\\\/www.quantic-balance.com\\\/\",\"name\":\"Lebe deine Berufung\",\"description\":\" Finde deine Lebensaufgabe\",\"potentialAction\":[{\"@type\":\"SearchAction\",\"target\":{\"@type\":\"EntryPoint\",\"urlTemplate\":\"https:\\\/\\\/www.quantic-balance.com\\\/?s={search_term_string}\"},\"query-input\":{\"@type\":\"PropertyValueSpecification\",\"valueRequired\":true,\"valueName\":\"search_term_string\"}}],\"inLanguage\":\"en-US\"}]}<\/script>\n<!-- \/ Yoast SEO plugin. -->","yoast_head_json":{"title":"Communication Training","description":"Kommunikations-Training f\u00fcr F\u00fchrungskr\u00e4fte erh\u00f6ht den Erfolg im Unternehmen. Kommunikation beginnt im Kopf bei dir selbst!","robots":{"index":"index","follow":"follow","max-snippet":"max-snippet:-1","max-image-preview":"max-image-preview:large","max-video-preview":"max-video-preview:-1"},"canonical":"https:\/\/www.quantic-balance.com\/en\/kommunikationstraining\/","og_locale":"en_US","og_type":"article","og_title":"Kommunikationstraining","og_description":"Kommunikations-Training f\u00fcr F\u00fchrungskr\u00e4fte erh\u00f6ht den Erfolg im Unternehmen. Kommunikation beginnt im Kopf bei dir selbst!","og_url":"https:\/\/www.quantic-balance.com\/en\/kommunikationstraining\/","og_site_name":"Lebe deine Berufung","article_modified_time":"2023-10-10T06:52:49+00:00","twitter_misc":{"Est. reading time":"1 minute"},"schema":{"@context":"https:\/\/schema.org","@graph":[{"@type":"WebPage","@id":"https:\/\/www.quantic-balance.com\/kommunikationstraining\/","url":"https:\/\/www.quantic-balance.com\/kommunikationstraining\/","name":"Communication Training","isPartOf":{"@id":"https:\/\/www.quantic-balance.com\/#website"},"datePublished":"2023-02-16T08:04:38+00:00","dateModified":"2023-10-10T06:52:49+00:00","description":"Kommunikations-Training f\u00fcr F\u00fchrungskr\u00e4fte erh\u00f6ht den Erfolg im Unternehmen. Kommunikation beginnt im Kopf bei dir selbst!","breadcrumb":{"@id":"https:\/\/www.quantic-balance.com\/kommunikationstraining\/#breadcrumb"},"inLanguage":"en-US","potentialAction":[{"@type":"ReadAction","target":["https:\/\/www.quantic-balance.com\/kommunikationstraining\/"]}]},{"@type":"BreadcrumbList","@id":"https:\/\/www.quantic-balance.com\/kommunikationstraining\/#breadcrumb","itemListElement":[{"@type":"ListItem","position":1,"name":"Home","item":"https:\/\/www.quantic-balance.com\/"},{"@type":"ListItem","position":2,"name":"Kommunikationstraining"}]},{"@type":"WebSite","@id":"https:\/\/www.quantic-balance.com\/#website","url":"https:\/\/www.quantic-balance.com\/","name":"Discover Your Purpose","description":"Live Your Calling","potentialAction":[{"@type":"SearchAction","target":{"@type":"EntryPoint","urlTemplate":"https:\/\/www.quantic-balance.com\/?s={search_term_string}"},"query-input":{"@type":"PropertyValueSpecification","valueRequired":true,"valueName":"search_term_string"}}],"inLanguage":"en-US"}]}},"_links":{"self":[{"href":"https:\/\/www.quantic-balance.com\/en\/wp-json\/wp\/v2\/pages\/2351","targetHints":{"allow":["GET"]}}],"collection":[{"href":"https:\/\/www.quantic-balance.com\/en\/wp-json\/wp\/v2\/pages"}],"about":[{"href":"https:\/\/www.quantic-balance.com\/en\/wp-json\/wp\/v2\/types\/page"}],"author":[{"embeddable":true,"href":"https:\/\/www.quantic-balance.com\/en\/wp-json\/wp\/v2\/users\/1"}],"replies":[{"embeddable":true,"href":"https:\/\/www.quantic-balance.com\/en\/wp-json\/wp\/v2\/comments?post=2351"}],"version-history":[{"count":6,"href":"https:\/\/www.quantic-balance.com\/en\/wp-json\/wp\/v2\/pages\/2351\/revisions"}],"predecessor-version":[{"id":2371,"href":"https:\/\/www.quantic-balance.com\/en\/wp-json\/wp\/v2\/pages\/2351\/revisions\/2371"}],"wp:attachment":[{"href":"https:\/\/www.quantic-balance.com\/en\/wp-json\/wp\/v2\/media?parent=2351"}],"curies":[{"name":"wp","href":"https:\/\/api.w.org\/{rel}","templated":true}]}}