{"id":475,"date":"2015-04-19T09:24:11","date_gmt":"2015-04-19T09:24:11","guid":{"rendered":"http:\/\/www.quantic-balance.com\/kopie_-page-templates\/"},"modified":"2021-05-26T10:17:02","modified_gmt":"2021-05-26T08:17:02","slug":"hypnose-rueckfuehrung-wien","status":"publish","type":"page","link":"https:\/\/www.quantic-balance.com\/en\/hypnose-rueckfuehrung-wien\/","title":{"rendered":"Hypnosis"},"content":{"rendered":"<h3 style=\"text-align: left;\">What is Hypnosis?<\/h3>\n<p style=\"text-align: justify;\" class=\"translation-block\">Hypnosis is a form of conscious and unconscious communication. It represents a concentrated, focused, heightened state of consciousness. Some Quantic Balance consultations take place with the aid of HYPNOSIS, for example, Hypnotic Regression.<\/p>\n<p class=\"paragraph_style_4 translation-block\" style=\"text-align: justify;\">The term hypnosis (Greek \"hypnos\": \"sleep\") has therefore led to a misunderstood image for a long time. In short: Hypnosis is the opposite of sleep.<\/p>\n<p class=\"paragraph_style_4 translation-block\" style=\"text-align: justify;\">If you are looking for Hypnotic Regression in Vienna, schedule a hypnosis session at my practice Quantic Balance. You can find further information on the page Subconscious Mind.<\/p>\n<p class=\"paragraph_style_5 translation-block\" style=\"text-align: justify;\">In the state of hypnosis, one can remember everything and has the possibility to influence the hypnosis at any time \u2013 regardless of whether it is self-induction or external induction. See for yourself in my practice in Vienna how \"flexible\" reality can be.<\/p>\n<p class=\"paragraph_style_5\" style=\"text-align: justify;\">Trance is another word for hypnosis.<\/p>\n<p style=\"text-align: center;\" class=\"translation-block\">\"Anything that fascinates and holds or absorbs the attention of a person could be described as hypnotic.\" \u2013 Milton H. Erickson<\/p>\n<p class=\"paragraph_style_5\" style=\"text-align: justify;\"><strong>Wolfgang Racher<\/strong> is a Dipl. Hypnotic Minddesign Instructor\u00ae in Vienna \u2013 Hypnotic Regression Vienna.<\/p>\n<p class=\"paragraph_style_5\" style=\"text-align: left;\"><span style=\"text-decoration: underline;\">Consulting Spectrum<\/span><\/p>\n<ul>\n<li class=\"paragraph_style_5\" style=\"text-align: justify;\">Regression with Hypnosis \u2013 Regression and Reincarnation<\/li>\n<li class=\"paragraph_style_5\" style=\"text-align: justify;\">Inner Child Work<\/li>\n<li>Pain Elimination<\/li>\n<li>Stimulation of Self-Healing<\/li>\n<li>Timeline Work<\/li>\n<li>Personal Safe Space<\/li>\n<li>Bleeding Control<\/li>\n<li>Goal Setting and Goal Achievement<\/li>\n<li>Hypnosis as a Supplement to Other Techniques<\/li>\n<\/ul>\n<p class=\"paragraph_style_5\" style=\"text-align: center;\"><iframe loading=\"lazy\" src=\"https:\/\/www.youtube.com\/embed\/BAW4FvQTlD4\" width=\"420\" height=\"315\" frameborder=\"0\" allowfullscreen=\"allowfullscreen\"><\/iframe><\/p>\n<p class=\"paragraph_style_5\" style=\"text-align: justify;\">Fundamentally, there are many different forms of access and application possibilities in this area. Hypnosis for smoking cessation, weight loss with hypnosis, stage hypnosis, hypnosis at the dentist, and much more are very well known.<\/p>\n<p class=\"paragraph_style_5\" style=\"text-align: justify;\">I would like to mention two forms here that may fundamentally only be performed by medically and therapeutically trained specialists (Hypnotherapy) or should be (Medical Hypnosis):<\/p>\n<p class=\"paragraph_style_5 translation-block\" style=\"text-align: justify;\">Hypnotherapy: Today, forms of therapy that use existing knowledge about the effect of trance and suggestions therapeutically, among other things, are summarized as hypnotherapy or hypno-psychotherapy. To promote healing, search, and learning processes, either hypnosis is practiced in a more formal sense, or everyday trance processes are used for therapeutic work. In addition, hypnotherapy can also be designed as self-hypnosis training or learning (deep) relaxation exercises. (Source: Wikipedia)<\/p>\n<p class=\"paragraph_style_5 translation-block\" style=\"text-align: justify;\">Medical Hypnosis: Primarily for pain control and stopping bleeding. Did you know that dental treatment can be done under hypnosis? During the hypnotic accompaniment by the hypnotist, medical interventions are performed by the dentist.<\/p>\n<p class=\"paragraph_style_5 translation-block\" style=\"text-align: justify;\">For a hypnosis treatment in Vienna, I would like to give a warm recommendation for Prof. Dr. Henriette Walter at the General Hospital Vienna (AKH-Wien). Another tip for finding a trained and highly qualified hypnosis treatment is the Milton Erickson Society Austria. There you will find hypnotherapists who specialize in smoking cessation and weight loss with hypnosis.<\/p>\n<p class=\"paragraph_style_5\" style=\"text-align: justify;\">Quantic Balance Hypnotic Regression Vienna is not hypnotherapy or psychotherapy!<\/p>","protected":false},"excerpt":{"rendered":"<p>Was ist Hypnose Hypnose ist eine bewusste und unbewusste Kommunikationsform. Sie stellt einen konzentrierten, fokussierten, gesteigerten Bewusstseinszustand dar. Einige Quantic Balance Beratungen finden unter Zuhilfenahme von HYPNOSE statt, zum Beispiel Hypnose R\u00fcckf\u00fchrung. Die Bezeichnung Hypnose (\u201eHypnos\u201c griechisch: \u201eSchlaf\u201c) f\u00fchrt daher seit Langem zu einem missverst\u00e4ndlichen Image. Kurz gesagt;\u00a0Hypnose ist das Gegenteil von Schlaf. Wenn Sie [&hellip;]<\/p>\n","protected":false},"author":1,"featured_media":0,"parent":0,"menu_order":0,"comment_status":"open","ping_status":"closed","template":"","meta":{"_genesis_hide_title":false,"_genesis_hide_breadcrumbs":false,"_genesis_hide_singular_image":false,"_genesis_hide_footer_widgets":false,"_genesis_custom_body_class":"","_genesis_custom_post_class":"","_genesis_layout":"","footnotes":""},"class_list":{"0":"post-475","1":"page","2":"type-page","3":"status-publish","5":"entry"},"yoast_head":"<!-- This site is optimized with the Yoast SEO plugin v27.4 - https:\/\/yoast.com\/product\/yoast-seo-wordpress\/ -->\n<title>Depressionen | R\u00fcckf\u00fchrung | Hypnose | \u00c4ngste<\/title>\n<meta name=\"robots\" content=\"index, follow, max-snippet:-1, max-image-preview:large, max-video-preview:-1\" \/>\n<link rel=\"canonical\" href=\"https:\/\/www.quantic-balance.com\/en\/hypnose-rueckfuehrung-wien\/\" \/>\n<meta property=\"og:locale\" content=\"en_US\" \/>\n<meta property=\"og:type\" content=\"article\" \/>\n<meta property=\"og:title\" content=\"Depressionen | R\u00fcckf\u00fchrung | Hypnose | \u00c4ngste\" \/>\n<meta property=\"og:description\" content=\"Was ist Hypnose Hypnose ist eine bewusste und unbewusste Kommunikationsform. Sie stellt einen konzentrierten, fokussierten, gesteigerten Bewusstseinszustand dar. Einige Quantic Balance Beratungen finden unter Zuhilfenahme von HYPNOSE statt, zum Beispiel Hypnose R\u00fcckf\u00fchrung. Die Bezeichnung Hypnose (\u201eHypnos\u201c griechisch: \u201eSchlaf\u201c) f\u00fchrt daher seit Langem zu einem missverst\u00e4ndlichen Image. Kurz gesagt;\u00a0Hypnose ist das Gegenteil von Schlaf. Wenn Sie [&hellip;]\" \/>\n<meta property=\"og:url\" content=\"https:\/\/www.quantic-balance.com\/en\/hypnose-rueckfuehrung-wien\/\" \/>\n<meta property=\"og:site_name\" content=\"Lebe deine Berufung\" \/>\n<meta property=\"article:modified_time\" content=\"2021-05-26T08:17:02+00:00\" \/>\n<meta name=\"twitter:label1\" content=\"Est. reading time\" \/>\n\t<meta name=\"twitter:data1\" content=\"2 minutes\" \/>\n<script type=\"application\/ld+json\" class=\"yoast-schema-graph\">{\"@context\":\"https:\\\/\\\/schema.org\",\"@graph\":[{\"@type\":\"WebPage\",\"@id\":\"https:\\\/\\\/www.quantic-balance.com\\\/hypnose-rueckfuehrung-wien\\\/\",\"url\":\"https:\\\/\\\/www.quantic-balance.com\\\/hypnose-rueckfuehrung-wien\\\/\",\"name\":\"Depressionen | R\u00fcckf\u00fchrung | Hypnose | \u00c4ngste\",\"isPartOf\":{\"@id\":\"https:\\\/\\\/www.quantic-balance.com\\\/#website\"},\"datePublished\":\"2015-04-19T09:24:11+00:00\",\"dateModified\":\"2021-05-26T08:17:02+00:00\",\"breadcrumb\":{\"@id\":\"https:\\\/\\\/www.quantic-balance.com\\\/hypnose-rueckfuehrung-wien\\\/#breadcrumb\"},\"inLanguage\":\"en-US\",\"potentialAction\":[{\"@type\":\"ReadAction\",\"target\":[\"https:\\\/\\\/www.quantic-balance.com\\\/hypnose-rueckfuehrung-wien\\\/\"]}]},{\"@type\":\"BreadcrumbList\",\"@id\":\"https:\\\/\\\/www.quantic-balance.com\\\/hypnose-rueckfuehrung-wien\\\/#breadcrumb\",\"itemListElement\":[{\"@type\":\"ListItem\",\"position\":1,\"name\":\"Home\",\"item\":\"https:\\\/\\\/www.quantic-balance.com\\\/\"},{\"@type\":\"ListItem\",\"position\":2,\"name\":\"Hypnose\"}]},{\"@type\":\"WebSite\",\"@id\":\"https:\\\/\\\/www.quantic-balance.com\\\/#website\",\"url\":\"https:\\\/\\\/www.quantic-balance.com\\\/\",\"name\":\"Lebe deine Berufung\",\"description\":\" Finde deine Lebensaufgabe\",\"potentialAction\":[{\"@type\":\"SearchAction\",\"target\":{\"@type\":\"EntryPoint\",\"urlTemplate\":\"https:\\\/\\\/www.quantic-balance.com\\\/?s={search_term_string}\"},\"query-input\":{\"@type\":\"PropertyValueSpecification\",\"valueRequired\":true,\"valueName\":\"search_term_string\"}}],\"inLanguage\":\"en-US\"}]}<\/script>\n<!-- \/ Yoast SEO plugin. -->","yoast_head_json":{"title":"Depressionen | R\u00fcckf\u00fchrung | Hypnose | \u00c4ngste","robots":{"index":"index","follow":"follow","max-snippet":"max-snippet:-1","max-image-preview":"max-image-preview:large","max-video-preview":"max-video-preview:-1"},"canonical":"https:\/\/www.quantic-balance.com\/en\/hypnose-rueckfuehrung-wien\/","og_locale":"en_US","og_type":"article","og_title":"Depressionen | R\u00fcckf\u00fchrung | Hypnose | \u00c4ngste","og_description":"Was ist Hypnose Hypnose ist eine bewusste und unbewusste Kommunikationsform. Sie stellt einen konzentrierten, fokussierten, gesteigerten Bewusstseinszustand dar. Einige Quantic Balance Beratungen finden unter Zuhilfenahme von HYPNOSE statt, zum Beispiel Hypnose R\u00fcckf\u00fchrung. Die Bezeichnung Hypnose (\u201eHypnos\u201c griechisch: \u201eSchlaf\u201c) f\u00fchrt daher seit Langem zu einem missverst\u00e4ndlichen Image. Kurz gesagt;\u00a0Hypnose ist das Gegenteil von Schlaf. Wenn Sie [&hellip;]","og_url":"https:\/\/www.quantic-balance.com\/en\/hypnose-rueckfuehrung-wien\/","og_site_name":"Lebe deine Berufung","article_modified_time":"2021-05-26T08:17:02+00:00","twitter_misc":{"Est. reading time":"2 minutes"},"schema":{"@context":"https:\/\/schema.org","@graph":[{"@type":"WebPage","@id":"https:\/\/www.quantic-balance.com\/hypnose-rueckfuehrung-wien\/","url":"https:\/\/www.quantic-balance.com\/hypnose-rueckfuehrung-wien\/","name":"Depressionen | R\u00fcckf\u00fchrung | Hypnose | \u00c4ngste","isPartOf":{"@id":"https:\/\/www.quantic-balance.com\/#website"},"datePublished":"2015-04-19T09:24:11+00:00","dateModified":"2021-05-26T08:17:02+00:00","breadcrumb":{"@id":"https:\/\/www.quantic-balance.com\/hypnose-rueckfuehrung-wien\/#breadcrumb"},"inLanguage":"en-US","potentialAction":[{"@type":"ReadAction","target":["https:\/\/www.quantic-balance.com\/hypnose-rueckfuehrung-wien\/"]}]},{"@type":"BreadcrumbList","@id":"https:\/\/www.quantic-balance.com\/hypnose-rueckfuehrung-wien\/#breadcrumb","itemListElement":[{"@type":"ListItem","position":1,"name":"Home","item":"https:\/\/www.quantic-balance.com\/"},{"@type":"ListItem","position":2,"name":"Hypnose"}]},{"@type":"WebSite","@id":"https:\/\/www.quantic-balance.com\/#website","url":"https:\/\/www.quantic-balance.com\/","name":"Discover Your Purpose","description":"Live Your Calling","potentialAction":[{"@type":"SearchAction","target":{"@type":"EntryPoint","urlTemplate":"https:\/\/www.quantic-balance.com\/?s={search_term_string}"},"query-input":{"@type":"PropertyValueSpecification","valueRequired":true,"valueName":"search_term_string"}}],"inLanguage":"en-US"}]}},"_links":{"self":[{"href":"https:\/\/www.quantic-balance.com\/en\/wp-json\/wp\/v2\/pages\/475","targetHints":{"allow":["GET"]}}],"collection":[{"href":"https:\/\/www.quantic-balance.com\/en\/wp-json\/wp\/v2\/pages"}],"about":[{"href":"https:\/\/www.quantic-balance.com\/en\/wp-json\/wp\/v2\/types\/page"}],"author":[{"embeddable":true,"href":"https:\/\/www.quantic-balance.com\/en\/wp-json\/wp\/v2\/users\/1"}],"replies":[{"embeddable":true,"href":"https:\/\/www.quantic-balance.com\/en\/wp-json\/wp\/v2\/comments?post=475"}],"version-history":[{"count":35,"href":"https:\/\/www.quantic-balance.com\/en\/wp-json\/wp\/v2\/pages\/475\/revisions"}],"predecessor-version":[{"id":2046,"href":"https:\/\/www.quantic-balance.com\/en\/wp-json\/wp\/v2\/pages\/475\/revisions\/2046"}],"wp:attachment":[{"href":"https:\/\/www.quantic-balance.com\/en\/wp-json\/wp\/v2\/media?parent=475"}],"curies":[{"name":"wp","href":"https:\/\/api.w.org\/{rel}","templated":true}]}}