{"id":504,"date":"2015-04-19T14:02:42","date_gmt":"2015-04-19T14:02:42","guid":{"rendered":"http:\/\/www.quantic-balance.com\/kopie_-column-classes\/"},"modified":"2016-11-25T21:02:57","modified_gmt":"2016-11-25T21:02:57","slug":"unterbewusstsein","status":"publish","type":"page","link":"https:\/\/www.quantic-balance.com\/en\/unterbewusstsein\/","title":{"rendered":"Subconscious Mind"},"content":{"rendered":"<p>&nbsp;<\/p>\n<h3 style=\"text-align: justify;\">How can Quantic Balance influence Body, Soul, or Mind?<\/h3>\n<p style=\"text-align: justify;\">Almost all physical processes are controlled by our subconscious mind. It acts as a link between the body, the genes (morphogenetic field), and the soul. Its task is the maintenance and repair of our body. Thus, it significantly controls our daily physical sensations and aims to ensure that the body stays alive. Possibilities for accessing the subconscious mind include, for example, THETA HEALING\u00ae, HYPNOSIS, TRANCE, or SHAMANISM.<\/p>\n<p style=\"text-align: justify;\">The subconscious mind, and thus a large part of our body\u2019s control system, allows itself to be impressed by every perception\u2014whether past, present, or future. It does not distinguish, but considers everything to be present and reacts accordingly! This means it CANNOT DISTINGUISH between a memory from the past, a current thought, and a visualization we have of the future!<\/p>\n<p style=\"text-align: center;\"><strong>Our body considers the past and future to be the PRESENT -<\/strong><\/p>\n<p style=\"text-align: center;\"><strong>the concept of time does not exist for it!<\/strong><\/p>\n<p style=\"text-align: justify;\" class=\"translation-block\">That is precisely why I work with Hypnosis, ThetaHealing, Trance, and Shamanism in my practice in Vienna. These methods are very well suited to utilize our perspective on the past and future as motivation and driving force for our lives.\n\nHypnosis, ThetaHealing, Trance and Shamanism.<\/p>\n<p style=\"text-align: justify;\" class=\"translation-block\">Based exclusively on experiences already made, the subconscious controls our bodily processes on its own. Our emotional sensations and the motivation for many of our actions are also a result of our unconscious control. The subconscious therefore draws from the treasure trove of already known experiences. It stores all physical experiences independently of time, resulting in our emotional state. The subconscious (or body consciousness) always orients itself towards what has already happened and therefore cannot find new, creative solutions by itself. This is the task of the Soul and the Spirit! \n\nHypnosis, ThetaHealing, Trance, and Shamanism can support the soul in finding NEW solutions.<\/p>\n<p style=\"text-align: justify;\" class=\"translation-block\">This gives us the opportunity, e.g., through Hypnosis, to shape our thoughts creatively and emotionally in order to effectively influence the body.<\/p>\n<p style=\"text-align: center;\"><strong>Our body reacts to the language of feelings, emotions, and creativity.<\/strong>.<\/p>\n<p style=\"text-align: justify;\">In a spiritually, soulfully, and physically balanced state, one has better control over the conscious and unconscious energies of everyday life.<\/p>\n<p style=\"text-align: justify;\" class=\"translation-block\">So it may be that emotions and feelings suddenly call for attention because they want to communicate something. It is not about the emotions or feelings themselves, but about the message behind them. Once this is recognized, the overly clear and painful language of emotions and feelings is no longer needed, and harmony returns to the system. I would like to highlight here some possibilities to restore the conscious and unconscious communication between body and soul:<\/p>\n<p class=\"paragraph_style_5 translation-block\" style=\"text-align: center;\">ThetaHealing \u00ae \u2013 HYPNOSIS \u2013 Matrix Energetics\u00ae \u2013 emotionSync\u00ae<\/p>\n<p class=\"paragraph_style_3 translation-block\" style=\"text-align: justify;\">For me, these are extremely effective tools among many to harmonize emotional states of pain. You can learn more about this on the pages: ThetaHealing \u00ae \u2013 Hypnosis \u2013 Matrix Energetics \u2013 and emotionSync\u00ae.<\/p>\n<p class=\"paragraph_style_3 translation-block\" style=\"text-align: justify;\">Another form of communication is the language of creativity \u2013 this is how the Soul communicates with the Spirit. If there is a communication problem between these two levels, it expresses itself, for example, through the opposite of creativity: depression. Here too, ThetaHealing, HYPNOSIS, and emotionSync can help achieve balanced communication between Soul and Spirit.<\/p>\n<p class=\"paragraph_style_3\" style=\"text-align: justify;\">Quantic Balance is intended to help better understand the language of the Body, the Soul, and the Spirit. Whoever understands the language of the body can influence it and thereby also reach the soul. Whoever listens to the language of creativity finds access to the communication between their own Soul and Spirit.<\/p>\n<p class=\"paragraph_style_3\" style=\"text-align: justify;\">This is meant to help shape the various energies of everyday life (more) consciously or to surrender with full trust to the power that works from within our innermost being by itself.<\/p>\n<p class=\"paragraph_style_6\" style=\"text-align: center;\"><span style=\"text-decoration: underline;\">The natural unfolding power of life is called<\/span><\/p>\n<p class=\"paragraph_style_6\" style=\"text-align: center;\"><strong>ALIVENESS<\/strong><\/p>\n<p class=\"paragraph_style_6\" style=\"text-align: center;\">it is our nature<\/p>","protected":false},"excerpt":{"rendered":"<p>&nbsp; Wie kann Quantic Balance auf K\u00f6rper, Seele oder Geist (Spirit) Einfluss nehmen? Beinahe die meisten K\u00f6rpervorg\u00e4nge werden von unserem Unterbewusstsein gesteuert. Es ist ein Bindeglied zwischen K\u00f6rper, den Genen (morphogenetisches Feld) und der Seele. Es hat die Aufgabe der Erhaltung und Reparatur unseres K\u00f6rpers. So kontrolliert es ma\u00dfgeblich unser t\u00e4gliches K\u00f6rperempfinden und will dadurch [&hellip;]<\/p>\n","protected":false},"author":1,"featured_media":0,"parent":0,"menu_order":0,"comment_status":"open","ping_status":"closed","template":"","meta":{"_genesis_hide_title":false,"_genesis_hide_breadcrumbs":false,"_genesis_hide_singular_image":false,"_genesis_hide_footer_widgets":false,"_genesis_custom_body_class":"","_genesis_custom_post_class":"","_genesis_layout":"full-width-content","footnotes":""},"class_list":{"0":"post-504","1":"page","2":"type-page","3":"status-publish","5":"entry"},"yoast_head":"<!-- This site is optimized with the Yoast SEO plugin v27.4 - https:\/\/yoast.com\/product\/yoast-seo-wordpress\/ -->\n<title>Einfluss auf das Unterbewusstsein mit Quantic Balance in Wien<\/title>\n<meta name=\"robots\" content=\"index, follow, max-snippet:-1, max-image-preview:large, max-video-preview:-1\" \/>\n<link rel=\"canonical\" href=\"https:\/\/www.quantic-balance.com\/en\/unterbewusstsein\/\" \/>\n<meta property=\"og:locale\" content=\"en_US\" \/>\n<meta property=\"og:type\" content=\"article\" \/>\n<meta property=\"og:title\" content=\"Einfluss auf das Unterbewusstsein mit Quantic Balance in Wien\" \/>\n<meta property=\"og:description\" content=\"&nbsp; Wie kann Quantic Balance auf K\u00f6rper, Seele oder Geist (Spirit) Einfluss nehmen? Beinahe die meisten K\u00f6rpervorg\u00e4nge werden von unserem Unterbewusstsein gesteuert. Es ist ein Bindeglied zwischen K\u00f6rper, den Genen (morphogenetisches Feld) und der Seele. Es hat die Aufgabe der Erhaltung und Reparatur unseres K\u00f6rpers. So kontrolliert es ma\u00dfgeblich unser t\u00e4gliches K\u00f6rperempfinden und will dadurch [&hellip;]\" \/>\n<meta property=\"og:url\" content=\"https:\/\/www.quantic-balance.com\/en\/unterbewusstsein\/\" \/>\n<meta property=\"og:site_name\" content=\"Lebe deine Berufung\" \/>\n<meta property=\"article:modified_time\" content=\"2016-11-25T21:02:57+00:00\" \/>\n<meta name=\"twitter:label1\" content=\"Est. reading time\" \/>\n\t<meta name=\"twitter:data1\" content=\"3 minutes\" \/>\n<script type=\"application\/ld+json\" class=\"yoast-schema-graph\">{\"@context\":\"https:\\\/\\\/schema.org\",\"@graph\":[{\"@type\":\"WebPage\",\"@id\":\"https:\\\/\\\/www.quantic-balance.com\\\/unterbewusstsein\\\/\",\"url\":\"https:\\\/\\\/www.quantic-balance.com\\\/unterbewusstsein\\\/\",\"name\":\"Einfluss auf das Unterbewusstsein mit Quantic Balance in Wien\",\"isPartOf\":{\"@id\":\"https:\\\/\\\/www.quantic-balance.com\\\/#website\"},\"datePublished\":\"2015-04-19T14:02:42+00:00\",\"dateModified\":\"2016-11-25T21:02:57+00:00\",\"breadcrumb\":{\"@id\":\"https:\\\/\\\/www.quantic-balance.com\\\/unterbewusstsein\\\/#breadcrumb\"},\"inLanguage\":\"en-US\",\"potentialAction\":[{\"@type\":\"ReadAction\",\"target\":[\"https:\\\/\\\/www.quantic-balance.com\\\/unterbewusstsein\\\/\"]}]},{\"@type\":\"BreadcrumbList\",\"@id\":\"https:\\\/\\\/www.quantic-balance.com\\\/unterbewusstsein\\\/#breadcrumb\",\"itemListElement\":[{\"@type\":\"ListItem\",\"position\":1,\"name\":\"Home\",\"item\":\"https:\\\/\\\/www.quantic-balance.com\\\/\"},{\"@type\":\"ListItem\",\"position\":2,\"name\":\"Unterbewusstsein\"}]},{\"@type\":\"WebSite\",\"@id\":\"https:\\\/\\\/www.quantic-balance.com\\\/#website\",\"url\":\"https:\\\/\\\/www.quantic-balance.com\\\/\",\"name\":\"Lebe deine Berufung\",\"description\":\" Finde deine Lebensaufgabe\",\"potentialAction\":[{\"@type\":\"SearchAction\",\"target\":{\"@type\":\"EntryPoint\",\"urlTemplate\":\"https:\\\/\\\/www.quantic-balance.com\\\/?s={search_term_string}\"},\"query-input\":{\"@type\":\"PropertyValueSpecification\",\"valueRequired\":true,\"valueName\":\"search_term_string\"}}],\"inLanguage\":\"en-US\"}]}<\/script>\n<!-- \/ Yoast SEO plugin. -->","yoast_head_json":{"title":"Einfluss auf das Unterbewusstsein mit Quantic Balance in Wien","robots":{"index":"index","follow":"follow","max-snippet":"max-snippet:-1","max-image-preview":"max-image-preview:large","max-video-preview":"max-video-preview:-1"},"canonical":"https:\/\/www.quantic-balance.com\/en\/unterbewusstsein\/","og_locale":"en_US","og_type":"article","og_title":"Einfluss auf das Unterbewusstsein mit Quantic Balance in Wien","og_description":"&nbsp; Wie kann Quantic Balance auf K\u00f6rper, Seele oder Geist (Spirit) Einfluss nehmen? Beinahe die meisten K\u00f6rpervorg\u00e4nge werden von unserem Unterbewusstsein gesteuert. Es ist ein Bindeglied zwischen K\u00f6rper, den Genen (morphogenetisches Feld) und der Seele. Es hat die Aufgabe der Erhaltung und Reparatur unseres K\u00f6rpers. So kontrolliert es ma\u00dfgeblich unser t\u00e4gliches K\u00f6rperempfinden und will dadurch [&hellip;]","og_url":"https:\/\/www.quantic-balance.com\/en\/unterbewusstsein\/","og_site_name":"Lebe deine Berufung","article_modified_time":"2016-11-25T21:02:57+00:00","twitter_misc":{"Est. reading time":"3 minutes"},"schema":{"@context":"https:\/\/schema.org","@graph":[{"@type":"WebPage","@id":"https:\/\/www.quantic-balance.com\/unterbewusstsein\/","url":"https:\/\/www.quantic-balance.com\/unterbewusstsein\/","name":"Einfluss auf das Unterbewusstsein mit Quantic Balance in Wien","isPartOf":{"@id":"https:\/\/www.quantic-balance.com\/#website"},"datePublished":"2015-04-19T14:02:42+00:00","dateModified":"2016-11-25T21:02:57+00:00","breadcrumb":{"@id":"https:\/\/www.quantic-balance.com\/unterbewusstsein\/#breadcrumb"},"inLanguage":"en-US","potentialAction":[{"@type":"ReadAction","target":["https:\/\/www.quantic-balance.com\/unterbewusstsein\/"]}]},{"@type":"BreadcrumbList","@id":"https:\/\/www.quantic-balance.com\/unterbewusstsein\/#breadcrumb","itemListElement":[{"@type":"ListItem","position":1,"name":"Home","item":"https:\/\/www.quantic-balance.com\/"},{"@type":"ListItem","position":2,"name":"Unterbewusstsein"}]},{"@type":"WebSite","@id":"https:\/\/www.quantic-balance.com\/#website","url":"https:\/\/www.quantic-balance.com\/","name":"Discover Your Purpose","description":"Live Your Calling","potentialAction":[{"@type":"SearchAction","target":{"@type":"EntryPoint","urlTemplate":"https:\/\/www.quantic-balance.com\/?s={search_term_string}"},"query-input":{"@type":"PropertyValueSpecification","valueRequired":true,"valueName":"search_term_string"}}],"inLanguage":"en-US"}]}},"_links":{"self":[{"href":"https:\/\/www.quantic-balance.com\/en\/wp-json\/wp\/v2\/pages\/504","targetHints":{"allow":["GET"]}}],"collection":[{"href":"https:\/\/www.quantic-balance.com\/en\/wp-json\/wp\/v2\/pages"}],"about":[{"href":"https:\/\/www.quantic-balance.com\/en\/wp-json\/wp\/v2\/types\/page"}],"author":[{"embeddable":true,"href":"https:\/\/www.quantic-balance.com\/en\/wp-json\/wp\/v2\/users\/1"}],"replies":[{"embeddable":true,"href":"https:\/\/www.quantic-balance.com\/en\/wp-json\/wp\/v2\/comments?post=504"}],"version-history":[{"count":11,"href":"https:\/\/www.quantic-balance.com\/en\/wp-json\/wp\/v2\/pages\/504\/revisions"}],"predecessor-version":[{"id":1131,"href":"https:\/\/www.quantic-balance.com\/en\/wp-json\/wp\/v2\/pages\/504\/revisions\/1131"}],"wp:attachment":[{"href":"https:\/\/www.quantic-balance.com\/en\/wp-json\/wp\/v2\/media?parent=504"}],"curies":[{"name":"wp","href":"https:\/\/api.w.org\/{rel}","templated":true}]}}