{"id":514,"date":"2015-04-19T14:16:48","date_gmt":"2015-04-19T14:16:48","guid":{"rendered":"http:\/\/www.quantic-balance.com\/kopie_-column-classes-2\/"},"modified":"2019-11-21T11:09:31","modified_gmt":"2019-11-21T10:09:31","slug":"neue-energie","status":"publish","type":"page","link":"https:\/\/www.quantic-balance.com\/en\/neue-energie\/","title":{"rendered":"Of Interest"},"content":{"rendered":"<p style=\"text-align: justify;\">Here, I would like to spark your curiosity!<\/p>\n<div style=\"text-align: justify;\"><\/div>\n<div style=\"text-align: justify;\">\n<div id=\"id2\"><\/div>\n<h3>TECHNOLOGY OF A SPECIAL KIND<\/h3>\n<div id=\"id3\">\n<div>\n<div>\n<p><strong>Power &#8211; Tube<\/strong><\/p>\n<p class=\"translation-block\">Power-Tube is a remarkable device whose \"invention\" fits perfectly into our times, where ancient knowledge of long-past epochs is re-emerging. One could say it originates from the future or the past (Atlantean knowledge). The blueprint was \"given\" to the Swiss Martin Frischknecht in a dream. To date, I know of no other frequency-based technical device that has nearly as beneficial an effect on the cell structure in the human body (anti-inflammatory, regenerating, detoxifying). Detailed information (including video) is available at www.powertube.ch. The device can also be purchased via Quantic Balance (detailed training is recommended upon purchase of the Power Tube).<\/p>\n<\/div>\n<\/div>\n<\/div>\n<p>I personally love using PowerTube in my daily life.<\/p>\n<\/div>\n<div style=\"text-align: justify;\">\n<h3>AQUANTIN IS SOMETHING VERY SPECIAL TO ME<\/h3>\n<p><strong>Aquantin<\/strong><\/p>\n<p class=\"translation-block\">The discovery of Aquantin also shows that we are living in a special quality of time, where energetically revolutionary discoveries seem to be made casually \u2013 as happened to Josef Berger from Upper Austria. Chemically speaking, Aquantin is water created from green matter through reverse photosynthesis \u2013 in the process, the atomic nuclei dissolve, but the energy is preserved. Aquantin is therefore water that vibrates at such a high energetic level that scientists at technical universities, physicians, and physicists are faced with mysteries. Enormously positive effects on the organism have been observed by users and medical professionals. Until scientific studies become available that make this comprehensible, the producer limits himself to sharing information personally in lectures and private conversations. On the homepage www.aquantin.at, you will only find an email address to inquire about lecture dates.<\/p>\n<p>Aquantin is available at Quantic Balance!<\/p>\n<\/div>\n<div style=\"text-align: justify;\">\n<h3>PSYCHIC SURGERY IN THE PHILIPPINES<\/h3>\n<p>In the autumn of 2009, my intuition led me on a journey to the Philippines. There are healers there with a special gift called \"Psychic Surgery\" or \"Bare Hand Surgery\": This means they perform operations on the body with their bare hands (without tools) \u2013 no scar remains, and no pain is felt.<\/p>\n<p>Here is a photo with the psychic surgeon Laurence Cacteng, with whom I was privileged to spend ten days in 2009. To this day, I maintain a warm, friendly, and above all, energetic exchange with Laurence!<\/p>\n<p style=\"text-align: center;\">\n<\/div>\n<div style=\"border-bottom-width: 1px; border-bottom-style: solid; border-bottom-color: #dddddd; clear: both; margin-bottom: 26px; text-align: justify;\"><a href=\"http:\/\/www.quantic-balance.com\/wp-content\/uploads\/2015\/04\/CIMG2002_2.jpg\"><img loading=\"lazy\" decoding=\"async\" class=\"size-medium wp-image-586 aligncenter\" src=\"http:\/\/www.quantic-balance.com\/wp-content\/uploads\/2015\/04\/CIMG2002_2-300x225.jpg\" alt=\"CIMG2002_2\" width=\"300\" height=\"225\" \/><\/a><\/div>\n<div style=\"border-bottom-width: 1px; border-bottom-style: solid; border-bottom-color: #dddddd; clear: both; margin-bottom: 26px; text-align: justify;\">\n<p class=\"paragraph_style_4\"><strong><span class=\"style_6\">Family Constellation<\/span><\/strong> <a class=\"style_2\" title=\"http:\/\/www.brigitte-gross.com\" href=\"http:\/\/www.brigitte-gross.com\" target=\"_blank\" rel=\"noopener noreferrer\">www.brigitte-gross.com<\/a><\/p>\n<p class=\"paragraph_style_4\" style=\"text-align: justify;\">Often, we act out family problems and conflicts that causally have nothing to do with us personally, but originate from the \"history\" of our ancestors. Thus, it can happen that we unconsciously take on repressed and unspoken problems from other family members out of loyalty over generations and live in a stressful field of tension that we did not cause at all.<\/p>\n<p class=\"paragraph_style_4\" style=\"text-align: justify;\">As an experienced therapist, Dr. Brigitte Gross helps to shed feelings of guilt and tensions through Family Constellations, into which we are drawn systemically by the family without being aware of it. An excellent method for diagnosis, raising awareness, and resolving emotional tensions and burdens!<\/p>\n<\/div>","protected":false},"excerpt":{"rendered":"<p>Hier m\u00f6chte ich Ihre Neugier wecken! TECHNOLOGIE DER BESONDEREN ART Power &#8211; Tube Power-Tube ist ein beachtenswertes Ger\u00e4t, dessen \u201eErfindung\u201c gut in unsere Zeit passt, wo altes Wissen l\u00e4ngst vergangener Epochen wieder pr\u00e4sent ist. Man k\u00f6nnte sagen, es stammt aus der Zukunft bzw. Vergangenheit (Atlantisches Wissen). Der Bauplan wurde dem Schweizer Martin Frischknecht im Traum [&hellip;]<\/p>\n","protected":false},"author":1,"featured_media":0,"parent":0,"menu_order":0,"comment_status":"open","ping_status":"closed","template":"","meta":{"_genesis_hide_title":false,"_genesis_hide_breadcrumbs":false,"_genesis_hide_singular_image":false,"_genesis_hide_footer_widgets":false,"_genesis_custom_body_class":"","_genesis_custom_post_class":"","_genesis_layout":"full-width-content","footnotes":""},"class_list":{"0":"post-514","1":"page","2":"type-page","3":"status-publish","5":"entry"},"yoast_head":"<!-- This site is optimized with the Yoast SEO plugin v27.4 - https:\/\/yoast.com\/product\/yoast-seo-wordpress\/ -->\n<title>Interessantes<\/title>\n<meta name=\"robots\" content=\"index, follow, max-snippet:-1, max-image-preview:large, max-video-preview:-1\" \/>\n<link rel=\"canonical\" href=\"https:\/\/www.quantic-balance.com\/en\/neue-energie\/\" \/>\n<meta property=\"og:locale\" content=\"en_US\" \/>\n<meta property=\"og:type\" content=\"article\" \/>\n<meta property=\"og:title\" content=\"Interessantes\" \/>\n<meta property=\"og:description\" content=\"Hier m\u00f6chte ich Ihre Neugier wecken! TECHNOLOGIE DER BESONDEREN ART Power &#8211; Tube Power-Tube ist ein beachtenswertes Ger\u00e4t, dessen \u201eErfindung\u201c gut in unsere Zeit passt, wo altes Wissen l\u00e4ngst vergangener Epochen wieder pr\u00e4sent ist. Man k\u00f6nnte sagen, es stammt aus der Zukunft bzw. Vergangenheit (Atlantisches Wissen). Der Bauplan wurde dem Schweizer Martin Frischknecht im Traum [&hellip;]\" \/>\n<meta property=\"og:url\" content=\"https:\/\/www.quantic-balance.com\/en\/neue-energie\/\" \/>\n<meta property=\"og:site_name\" content=\"Lebe deine Berufung\" \/>\n<meta property=\"article:modified_time\" content=\"2019-11-21T10:09:31+00:00\" \/>\n<meta property=\"og:image\" content=\"http:\/\/www.quantic-balance.com\/wp-content\/uploads\/2015\/04\/CIMG2002_2-300x225.jpg\" \/>\n<meta name=\"twitter:label1\" content=\"Est. reading time\" \/>\n\t<meta name=\"twitter:data1\" content=\"2 minutes\" \/>\n<script type=\"application\/ld+json\" class=\"yoast-schema-graph\">{\"@context\":\"https:\\\/\\\/schema.org\",\"@graph\":[{\"@type\":\"WebPage\",\"@id\":\"https:\\\/\\\/www.quantic-balance.com\\\/neue-energie\\\/\",\"url\":\"https:\\\/\\\/www.quantic-balance.com\\\/neue-energie\\\/\",\"name\":\"Interessantes\",\"isPartOf\":{\"@id\":\"https:\\\/\\\/www.quantic-balance.com\\\/#website\"},\"primaryImageOfPage\":{\"@id\":\"https:\\\/\\\/www.quantic-balance.com\\\/neue-energie\\\/#primaryimage\"},\"image\":{\"@id\":\"https:\\\/\\\/www.quantic-balance.com\\\/neue-energie\\\/#primaryimage\"},\"thumbnailUrl\":\"http:\\\/\\\/www.quantic-balance.com\\\/wp-content\\\/uploads\\\/2015\\\/04\\\/CIMG2002_2-300x225.jpg\",\"datePublished\":\"2015-04-19T14:16:48+00:00\",\"dateModified\":\"2019-11-21T10:09:31+00:00\",\"breadcrumb\":{\"@id\":\"https:\\\/\\\/www.quantic-balance.com\\\/neue-energie\\\/#breadcrumb\"},\"inLanguage\":\"en-US\",\"potentialAction\":[{\"@type\":\"ReadAction\",\"target\":[\"https:\\\/\\\/www.quantic-balance.com\\\/neue-energie\\\/\"]}]},{\"@type\":\"ImageObject\",\"inLanguage\":\"en-US\",\"@id\":\"https:\\\/\\\/www.quantic-balance.com\\\/neue-energie\\\/#primaryimage\",\"url\":\"http:\\\/\\\/www.quantic-balance.com\\\/wp-content\\\/uploads\\\/2015\\\/04\\\/CIMG2002_2-300x225.jpg\",\"contentUrl\":\"http:\\\/\\\/www.quantic-balance.com\\\/wp-content\\\/uploads\\\/2015\\\/04\\\/CIMG2002_2-300x225.jpg\"},{\"@type\":\"BreadcrumbList\",\"@id\":\"https:\\\/\\\/www.quantic-balance.com\\\/neue-energie\\\/#breadcrumb\",\"itemListElement\":[{\"@type\":\"ListItem\",\"position\":1,\"name\":\"Home\",\"item\":\"https:\\\/\\\/www.quantic-balance.com\\\/\"},{\"@type\":\"ListItem\",\"position\":2,\"name\":\"Interessantes\"}]},{\"@type\":\"WebSite\",\"@id\":\"https:\\\/\\\/www.quantic-balance.com\\\/#website\",\"url\":\"https:\\\/\\\/www.quantic-balance.com\\\/\",\"name\":\"Lebe deine Berufung\",\"description\":\" Finde deine Lebensaufgabe\",\"potentialAction\":[{\"@type\":\"SearchAction\",\"target\":{\"@type\":\"EntryPoint\",\"urlTemplate\":\"https:\\\/\\\/www.quantic-balance.com\\\/?s={search_term_string}\"},\"query-input\":{\"@type\":\"PropertyValueSpecification\",\"valueRequired\":true,\"valueName\":\"search_term_string\"}}],\"inLanguage\":\"en-US\"}]}<\/script>\n<!-- \/ Yoast SEO plugin. -->","yoast_head_json":{"title":"Of Interest","robots":{"index":"index","follow":"follow","max-snippet":"max-snippet:-1","max-image-preview":"max-image-preview:large","max-video-preview":"max-video-preview:-1"},"canonical":"https:\/\/www.quantic-balance.com\/en\/neue-energie\/","og_locale":"en_US","og_type":"article","og_title":"Interessantes","og_description":"Hier m\u00f6chte ich Ihre Neugier wecken! TECHNOLOGIE DER BESONDEREN ART Power &#8211; Tube Power-Tube ist ein beachtenswertes Ger\u00e4t, dessen \u201eErfindung\u201c gut in unsere Zeit passt, wo altes Wissen l\u00e4ngst vergangener Epochen wieder pr\u00e4sent ist. Man k\u00f6nnte sagen, es stammt aus der Zukunft bzw. Vergangenheit (Atlantisches Wissen). Der Bauplan wurde dem Schweizer Martin Frischknecht im Traum [&hellip;]","og_url":"https:\/\/www.quantic-balance.com\/en\/neue-energie\/","og_site_name":"Lebe deine Berufung","article_modified_time":"2019-11-21T10:09:31+00:00","og_image":[{"url":"http:\/\/www.quantic-balance.com\/wp-content\/uploads\/2015\/04\/CIMG2002_2-300x225.jpg","type":"","width":"","height":""}],"twitter_misc":{"Est. reading time":"2 minutes"},"schema":{"@context":"https:\/\/schema.org","@graph":[{"@type":"WebPage","@id":"https:\/\/www.quantic-balance.com\/neue-energie\/","url":"https:\/\/www.quantic-balance.com\/neue-energie\/","name":"Of Interest","isPartOf":{"@id":"https:\/\/www.quantic-balance.com\/#website"},"primaryImageOfPage":{"@id":"https:\/\/www.quantic-balance.com\/neue-energie\/#primaryimage"},"image":{"@id":"https:\/\/www.quantic-balance.com\/neue-energie\/#primaryimage"},"thumbnailUrl":"http:\/\/www.quantic-balance.com\/wp-content\/uploads\/2015\/04\/CIMG2002_2-300x225.jpg","datePublished":"2015-04-19T14:16:48+00:00","dateModified":"2019-11-21T10:09:31+00:00","breadcrumb":{"@id":"https:\/\/www.quantic-balance.com\/neue-energie\/#breadcrumb"},"inLanguage":"en-US","potentialAction":[{"@type":"ReadAction","target":["https:\/\/www.quantic-balance.com\/neue-energie\/"]}]},{"@type":"ImageObject","inLanguage":"en-US","@id":"https:\/\/www.quantic-balance.com\/neue-energie\/#primaryimage","url":"http:\/\/www.quantic-balance.com\/wp-content\/uploads\/2015\/04\/CIMG2002_2-300x225.jpg","contentUrl":"http:\/\/www.quantic-balance.com\/wp-content\/uploads\/2015\/04\/CIMG2002_2-300x225.jpg"},{"@type":"BreadcrumbList","@id":"https:\/\/www.quantic-balance.com\/neue-energie\/#breadcrumb","itemListElement":[{"@type":"ListItem","position":1,"name":"Home","item":"https:\/\/www.quantic-balance.com\/"},{"@type":"ListItem","position":2,"name":"Interessantes"}]},{"@type":"WebSite","@id":"https:\/\/www.quantic-balance.com\/#website","url":"https:\/\/www.quantic-balance.com\/","name":"Discover Your Purpose","description":"Live Your Calling","potentialAction":[{"@type":"SearchAction","target":{"@type":"EntryPoint","urlTemplate":"https:\/\/www.quantic-balance.com\/?s={search_term_string}"},"query-input":{"@type":"PropertyValueSpecification","valueRequired":true,"valueName":"search_term_string"}}],"inLanguage":"en-US"}]}},"_links":{"self":[{"href":"https:\/\/www.quantic-balance.com\/en\/wp-json\/wp\/v2\/pages\/514","targetHints":{"allow":["GET"]}}],"collection":[{"href":"https:\/\/www.quantic-balance.com\/en\/wp-json\/wp\/v2\/pages"}],"about":[{"href":"https:\/\/www.quantic-balance.com\/en\/wp-json\/wp\/v2\/types\/page"}],"author":[{"embeddable":true,"href":"https:\/\/www.quantic-balance.com\/en\/wp-json\/wp\/v2\/users\/1"}],"replies":[{"embeddable":true,"href":"https:\/\/www.quantic-balance.com\/en\/wp-json\/wp\/v2\/comments?post=514"}],"version-history":[{"count":13,"href":"https:\/\/www.quantic-balance.com\/en\/wp-json\/wp\/v2\/pages\/514\/revisions"}],"predecessor-version":[{"id":1733,"href":"https:\/\/www.quantic-balance.com\/en\/wp-json\/wp\/v2\/pages\/514\/revisions\/1733"}],"wp:attachment":[{"href":"https:\/\/www.quantic-balance.com\/en\/wp-json\/wp\/v2\/media?parent=514"}],"curies":[{"name":"wp","href":"https:\/\/api.w.org\/{rel}","templated":true}]}}