{"id":533,"date":"2015-04-19T16:24:35","date_gmt":"2015-04-19T14:24:35","guid":{"rendered":"http:\/\/www.quantic-balance.com\/kopie_-column-classes\/"},"modified":"2022-03-11T07:51:16","modified_gmt":"2022-03-11T06:51:16","slug":"seminare","status":"publish","type":"page","link":"https:\/\/www.quantic-balance.com\/en\/seminare\/","title":{"rendered":"Seminare"},"content":{"rendered":"<h3><strong>Theta Healing \u00ae Seminare in Wien<\/strong><\/h3>\n<h2><a href=\"http:\/\/www.quantic-balance.com\/wp-content\/uploads\/2015\/04\/theta_healing_basic_dna.jpg\"><img loading=\"lazy\" decoding=\"async\" class=\"alignleft\" src=\"http:\/\/www.quantic-balance.com\/wp-content\/uploads\/2015\/04\/theta_healing_basic_dna.jpg\" alt=\"theta_healing_basic_dna\" width=\"100\" height=\"100\" \/><\/a><\/h2>\n<h2>ThetaHealing Basic DNA (Grundkurs)<\/h2>\n<p>Dieser Kurs ist der Einstieg in das Arbeiten mit Theta Healing &#8211; keine Vorkenntnisse erforderlich.<\/p>\n<div>\n<p><span style=\"text-decoration: underline;\">WANN:<\/span>\u00a0 03. bis 05. Sep 2021<\/p>\n<p style=\"text-align: left;\"><span style=\"text-decoration: underline;\">KURSORT:<\/span>\u00a0 1070 Wien Amida-Zentraum Neubaugasse 12-14<\/p>\n<p><span style=\"text-decoration: underline;\">SEMINARLEITUNG:<\/span> Wolfgang Racher<\/p>\n<p style=\"text-align: left;\"><span style=\"text-decoration: underline;\">KOSTEN (inkl. Ust):<\/span>\u00a0 \u00a0 \u00a0\u20ac 499.-<\/p>\n<p><em>Wenn du dieses Seminar bei mir bereits besucht hast, kannst du es innerhalb von 3 Jahren zum halben Preis wiederholen!<\/em><\/p>\n<p><span style=\"text-decoration: underline;\">ANMELDUNG: <\/span><a href=\"https:\/\/www.quantic-balance.com\/en\/events\/thetahealing-basic-dna-seminar-sep-03-05\/\" target=\"_blank\" rel=\"noopener noreferrer\">Bitte klicken sie HIER zur Anmeldung<\/a><\/p>\n<p><span style=\"text-decoration: underline;\">IM SEMINARPREIS ENTHALTEN:<\/span><\/p>\n<ul>\n<li>Seminarhandbuch THInK<\/li>\n<li>70 % Praktische Anwendung<\/li>\n<li>Zertifikat zum offiziellen Arbeiten mit ThetaHealing\u00ae<\/li>\n<\/ul>\n<p><span style=\"text-decoration: underline;\">AUS DEM INHALT:<\/span><\/p>\n<\/div>\n<div>\n<ul>\n<li>Theta-Zustand schnell erreichen (Gehirnwellen)<\/li>\n<li>Lesen und ver\u00e4ndern von Energiefeldern<\/li>\n<li>Aufsp\u00fcren blockierender \u00dcberzeugungsprogramme<\/li>\n<li>\u00dcberzeugungs- und Gef\u00fchlsprogramme aufl\u00f6sen<\/li>\n<li>Unmittelbares Erschaffen neuer \u00dcberzeugungen und Gef\u00fchle<\/li>\n<li>Arbeiten mit dem kollektiven Bewusstsein<\/li>\n<li>Manifestation<\/li>\n<li>Aktivierung der energetischen 12 (13) Strang DNA<\/li>\n<li>Aktivierung von Chromosomen<\/li>\n<li>Energetischer Umgang mit Bakterien, Viren, Pilzen<\/li>\n<li>Energetische Beeinflussung von Hormonen<\/li>\n<li>Die sieben \u201eEbenen\u201c des Seins<\/li>\n<li>Geistige Wesenheiten<\/li>\n<li>Fremdenergien in der Aura<\/li>\n<li>Seelenfragmente: R\u00fcckholung, R\u00fcckgabe<\/li>\n<li>Beeinflussung der Zeit \u201ebending\u201c<\/li>\n<li>Reading in alle Richtungen der Zeit<\/li>\n<\/ul>\n<hr \/><\/div>\n<h2><a href=\"http:\/\/www.quantic-balance.com\/wp-content\/uploads\/2015\/07\/TH_Adv_logo.jpg\"><img loading=\"lazy\" decoding=\"async\" class=\"wp-image-792 alignleft\" src=\"http:\/\/www.quantic-balance.com\/wp-content\/uploads\/2015\/07\/TH_Adv_logo.jpg\" alt=\"Adv_logo\" width=\"100\" height=\"100\" \/><\/a>ThetaHealing \u00ae Advanced\u00a0DNA (Aufbaukurs)<\/h2>\n<p>Mehr Sicherheit in der Verbindung zur Sch\u00f6pfungs-Ebene. Gezielte Arbeitstechniken und schnellere Handhabung der Methodik.<\/p>\n<p>Voraussetzungen: ThetaHealing\u00ae Basic DNA (Basisseminar)<\/p>\n<p><span style=\"text-decoration: underline;\">WANN:<\/span>\u00a0<strong><span style=\"color: #000000;\"> 15. bis 17. Oktober 2021<\/span><\/strong><\/p>\n<div>\n<p><span style=\"text-decoration: underline;\">KURSORT:<\/span> Amida Zentrum Wien &#8211; Neubaugasse 12-14; 1070 Wien<\/p>\n<p><span style=\"text-decoration: underline;\">KOSTEN (inkl. Ust):<\/span>\u00a0 \u00a0 \u00a0\u20ac 499.-<\/p>\n<p><em>Wenn du dieses Seminar bei mir bereits besucht hast, kannst du es innerhalb von 3 Jahren zum halben Preis wiederholen!<\/em><\/p>\n<p><span style=\"text-decoration: underline;\">SEMINARLEITUNG:<\/span> Wolfgang Racher<\/p>\n<p><span style=\"text-decoration: underline;\">IM SEMINARPREIS ENTHALTEN<\/span>:<\/p>\n<ul>\n<li>Seminarhandbuch von THInK<\/li>\n<li>70% Praktische Anwendung<\/li>\n<li>Zertifikat zum offiziellen Arbeiten mit ThetaHealing\u00ae<\/li>\n<li>Pausensnacks und Getr\u00e4nke<\/li>\n<\/ul>\n<p><span style=\"text-decoration: underline;\">ANMELDUNG:<\/span>\u00a0 <a href=\"https:\/\/www.quantic-balance.com\/en\/events\/thetahealing-advanced-dna-seminar-okt-15-17\/\" target=\"_blank\" rel=\"noopener noreferrer\">Bitte klicken Sie HIER zur Anmeldung<\/a><\/p>\n<p><span style=\"text-decoration: underline;\">AUS DEM INHALT:<\/span><\/p>\n<ul>\n<li>Bedeutung der Programme auf den 7 Ebenen des Seins<\/li>\n<li>Kl\u00e4rung auf allen Ebenen<\/li>\n<li>Aufl\u00f6sung von Heiler-Blockaden<\/li>\n<li>Die &#8222;gro\u00dfen Drei&#8220; (Groll, Ablehnung, Bedauern)<\/li>\n<li>\u00dcber 500 &#8222;Downloads&#8220; f\u00fcr pers\u00f6nliche Entwicklung und Heilung<\/li>\n<li>Gef\u00fchlsarbeit<\/li>\n<li>Traumata auf der Zeitschiene l\u00f6sen<\/li>\n<li>Heilung des Kindes im Mutterleib<\/li>\n<li>Heilung: gebrochenes Herz, gebrochene Seele<\/li>\n<li>Aufl\u00f6sen von Seelenvertr\u00e4gen<\/li>\n<li>Aufl\u00f6sung von karmischen Verstrickungen, Schw\u00fcren, Eiden, Gel\u00fcbden, Versprechungen, Fl\u00fcchen<\/li>\n<li>Arbeit und Kommunikation mit geistigen Wesenheiten, Pflanzen, Tieren<\/li>\n<li>Energetische Reinigung und Programmierung\u00a0von Gegenst\u00e4nden und Geb\u00e4uden<\/li>\n<li>Kommunikation mit Ahnen<\/li>\n<li>Aura-Reinigung<\/li>\n<\/ul>\n<hr \/><\/div>\n<h2><span style=\"color: #ff0000;\"><img loading=\"lazy\" decoding=\"async\" class=\"alignleft  wp-image-1650\" src=\"https:\/\/www.quantic-balance.com\/wp-content\/uploads\/2019\/05\/Sunflower_Spiral_new.jpeg\" alt=\"\" width=\"135\" height=\"135\" srcset=\"https:\/\/www.quantic-balance.com\/wp-content\/uploads\/2019\/05\/Sunflower_Spiral_new.jpeg 224w, https:\/\/www.quantic-balance.com\/wp-content\/uploads\/2019\/05\/Sunflower_Spiral_new-100x100.jpeg 100w, https:\/\/www.quantic-balance.com\/wp-content\/uploads\/2019\/05\/Sunflower_Spiral_new-150x150.jpeg 150w\" sizes=\"auto, (max-width: 135px) 100vw, 135px\" \/>Theta Healing \u00ae\u00a0 \u00a0 \u00a0 \u00a0 <\/span><span style=\"color: #ff0000;\">Grabe Tiefer &#8211; dig deeper<\/span><\/h2>\n<div>\n<p>Der Digging-Prozess bestimmt den Rhythmus und die Struktur jeder ThetaHealing\u00ae Behandlung und kann am besten \u00fcbersetzt werden mit: \u201cDie Kunst des Zuh\u00f6rens.\u201d<\/p>\n<p>Um innere Ressourcen ins Bewusstsein zu bringen, stark aufgeladene Gef\u00fchle zu transformieren und begrenzende Glaubensmuster aufzul\u00f6sen, muss man dem Klienten die richtigen Fragen stellen. Das erfolgreiche Graben f\u00fchrt tief in die Sch\u00f6pferebene aller Lebenskraft und ins Unterbewusstsein \u2013 dort passiert die Verwandlung von Schmerz in Liebe.<\/p>\n<p>Zielf\u00fchrendes Digging ist nicht nur intuitiven Menschen vorbehalten, sondern kann erlernt werden.<\/p>\n<p>Voraussetzungen: ThetaHealing\u00ae Basic DNA und Advanced DNA<\/p>\n<p><u>WANN:<\/u> <strong>27. &#8211; 28. November 2021<\/strong>\u00a0von 9 bis &#8211; 17:00 Uhr<\/p>\n<p><span style=\"text-decoration: underline;\">KURSORT:<\/span> <span style=\"color: #ff0000;\"><strong>ONLINE<\/strong><\/span><\/p>\n<p><span style=\"text-decoration: underline;\">KOSTEN (inkl. Ust):<\/span> \u00a0\u20ac 369.-<\/p>\n<p><em>Wenn du dieses Seminar bei mir bereits besucht hast, kannst du es innerhalb von 3 Jahren zum halben Preis wiederholen!<\/em><\/p>\n<p><span style=\"text-decoration: underline;\">SEMINARLEITUNG:<\/span> Wolfgang Racher<\/p>\n<p><span style=\"text-decoration: underline;\">IM SEMINARPREIS ENTHALTEN:<\/span><\/p>\n<ul>\n<li>Seminarhandbuch THInK <span style=\"color: #ff0000;\">als pdf Datei<\/span><\/li>\n<li>70 % Praktische Anwendung<\/li>\n<li>Zertifikat zum offiziellen Arbeiten mit ThetaHealing\u00ae per eMail<\/li>\n<\/ul>\n<p><span style=\"text-decoration: underline;\">ANMELDUNG: <\/span><a href=\"https:\/\/www.quantic-balance.com\/en\/events\/thetahealing-grabe-tiefer-dig-deeper-nov-27-28\/\" target=\"_blank\" rel=\"noopener\">Bitte klicken sie HIER zur Online-Anmeldung<\/a><\/p>\n<p><span style=\"text-decoration: underline;\">AUS DEM INHALT:<\/span><\/p>\n<ul>\n<li>Verhaltensweisen besser verstehen k\u00f6nnen<\/li>\n<li>8 Wege des erfolgreichen Diggings<\/li>\n<li>Was du bei der Fragestellung tun und lassen solltest<\/li>\n<li>Was du bei Downloads tun und lassen solltest<\/li>\n<li>Ver\u00e4ndern von Gruppenbewusstsein<\/li>\n<\/ul>\n<hr \/>\n<h2>\u00a0<\/h2>\n<h2>Th<img loading=\"lazy\" decoding=\"async\" class=\"wp-image-803 alignleft\" src=\"http:\/\/www.quantic-balance.com\/wp-content\/uploads\/2015\/04\/F\u00fclle-150x150.jpg\" alt=\"F\u00fclle\" width=\"117\" height=\"117\" srcset=\"https:\/\/www.quantic-balance.com\/wp-content\/uploads\/2015\/04\/F\u00fclle-150x150.jpg 150w, https:\/\/www.quantic-balance.com\/wp-content\/uploads\/2015\/04\/F\u00fclle-300x300.jpg 300w, https:\/\/www.quantic-balance.com\/wp-content\/uploads\/2015\/04\/F\u00fclle-100x100.jpg 100w\" sizes=\"auto, (max-width: 117px) 100vw, 117px\" \/>etaHealing \u00ae Manifestieren, F\u00fclle und \u00dcberfluss<\/h2>\n<p><span class=\"s1\">In diesem Seminar werden bewusste, unbewusste, genetische und kollektive Begrenzungen im Bereich \u201eF\u00fclle und \u00dcberfluss des Lebens\u201c sichtbar gemacht und mit der ThetaHealing\u00ae Technik ge\u00e4ndert. Man kann lernen, sich selbst die Erlaubnis zu geben, ein Leben in Leichtigkeit und Freude anzunehmen.<\/span><\/p>\n<p>Werkzeuge und Impulse, das eigene Leben aus den Ressourcen der F\u00fclle zu kreieren! Wohlstandsblockaden haben selten mit Geld zu tun, sondern sind blo\u00df ein Symptom gehemmter Lebensfreude und nicht gelebter Berufung.<\/p>\n<p>Lernen Sie, Gef\u00fchle, Situationen, Lebensumst\u00e4nde, Materielles und Aufgaben zu manifestieren, mit denen sie auch morgen noch \u00fcbergl\u00fccklich sind!<\/p>\n<\/div>\n<div>\n<p style=\"text-align: left;\"><strong><span style=\"text-decoration: underline;\">WANN<\/span><\/strong>:\u00a0 <strong>29. <\/strong>bis<strong> 30. J\u00e4nner 2022<\/strong><\/p>\n<p style=\"text-align: left;\"><span style=\"color: #0000ff;\">Insgesamt <strong>7 Wochen<\/strong> aktive Manifestations-Energie<br \/>Dreiteilige <strong>Vorbereitung<\/strong> bereits drei Wochen vor dem Seminar<\/span><br \/><span style=\"color: #0000ff;\">Action-steps <strong>ein Monat nach <\/strong>dem Seminar<\/span><\/p>\n<p style=\"text-align: left;\"><span style=\"text-decoration: underline;\"><strong>KURSORT<\/strong>:<\/span> <span style=\"color: #ff0000;\"><strong>ONLINE<\/strong><\/span><\/p>\n<p style=\"text-align: left;\"><span style=\"text-decoration: underline;\"><strong>KOSTEN<\/strong> (inkl. Ust):<\/span>\u00a0 \u00a0 \u00a0<strong>\u20ac 399.-<\/strong><\/p>\n<p style=\"text-align: left;\"><em>Wenn du dieses Seminar bei mir bereits besucht hast, kannst du es innerhalb von 3 Jahren zum halben Preis wiederholen!<\/em><\/p>\n<p><span style=\"text-decoration: underline;\"><strong>SEMINARLEITUNG<\/strong>:<\/span> Wolfgang Racher<\/p>\n<p><strong><span style=\"text-decoration: underline;\">IM SEMINARPREIS ENTHALTEN:<\/span><\/strong><\/p>\n<ul>\n<li>Seminarhandbuch THInK <span style=\"color: #ff0000;\"><strong>als pdf Datei<\/strong><\/span><\/li>\n<li>70 % Praktische Anwendung<\/li>\n<li>Zertifikat zum offiziellen Arbeiten mit ThetaHealing\u00ae<\/li>\n<\/ul>\n<p><span style=\"text-decoration: underline;\"><strong>ANMELDUNG<\/strong>:<\/span> \u00a0<a href=\"https:\/\/www.quantic-balance.com\/en\/events\/thetahealing-manifestation-fuelle-jan-29-30\/\" target=\"_blank\" rel=\"noopener noreferrer\">Bitte klicken Sie HIER zur Anmeldung<\/a><\/p>\n<p><strong><span style=\"text-decoration: underline;\">AUS DEM INHALT:<\/span><\/strong><\/p>\n<ul>\n<li>Dreiteilige <strong>Vorbereitung<\/strong> beginnend drei Wochen vor dem Seminar<\/li>\n<li><strong>Nachbearbeitung<\/strong>: activity-steps ein Monat nach dem Seminar<\/li>\n<li>Individuelle Standortbestimmung<\/li>\n<li>Die 100 wichtigsten Glaubensprogramme in Bezug auf F\u00fclle<\/li>\n<li>Eigene Glaubensprogramme aufsp\u00fcren und \u00e4ndern<\/li>\n<li>L\u00f6sen von gesellschaftlichen Falschannahmen<\/li>\n<li>5 komplexe und effektive Schritte f\u00fcr dauerhafte Manifestation<\/li>\n<li>Werkzeuge zum Erkennen der eigenen Lebensaufgabe<\/li>\n<li>Glaubens- und Seelenprogramme f\u00fcr F\u00fclle und \u00dcberfluss<\/li>\n<li>Die ThetaHealing\u00ae Manifestations-Technik<\/li>\n<li>Fortgeschrittene ThetaHealing Techniken<\/li>\n<\/ul>\n<\/div>\n<p>Voraussetzungen: ThetaHealing\u00ae Basic DNA,\u00a0 Advanced DNA, Dig Deeper (Grabe Tiefer)<\/p>\n<hr \/>\n<h2><a href=\"http:\/\/www.quantic-balance.com\/wp-content\/uploads\/2015\/09\/eh.jpg\"><img loading=\"lazy\" decoding=\"async\" class=\"wp-image-838 alignleft\" src=\"http:\/\/www.quantic-balance.com\/wp-content\/uploads\/2015\/09\/eh-150x150.jpg\" alt=\"eh\" width=\"114\" height=\"114\" srcset=\"https:\/\/www.quantic-balance.com\/wp-content\/uploads\/2015\/09\/eh-150x150.jpg 150w, https:\/\/www.quantic-balance.com\/wp-content\/uploads\/2015\/09\/eh-300x300.jpg 300w, https:\/\/www.quantic-balance.com\/wp-content\/uploads\/2015\/09\/eh-100x100.jpg 100w\" sizes=\"auto, (max-width: 114px) 100vw, 114px\" \/><\/a><\/h2>\n<h2 style=\"text-align: left;\">Theta Healing Praxis-Abend<\/h2>\n<p style=\"text-align: left;\">Dieses Event\u00a0ist f\u00fcr Absolventen von ThetaHealing \u00ae Seminaren<\/p>\n<p style=\"text-align: left;\"><strong>Voraussetzung<\/strong>: Basic-DNA Seminar Certificate<\/p>\n<p style=\"text-align: left;\"><strong><span style=\"text-decoration: underline;\">WANN:<\/span>\u00a0<\/strong> Dienstag 12. April 2022 um 19:00 Uhr <span style=\"color: #ff0000;\"><strong>ONLINE VIDEO ZOOM<\/strong><\/span><\/p>\n<div>\n<p><strong>Weitere Praxis-Abend Termine:<\/strong><\/p>\n<ul>\n<li>nach Ank\u00fcndigung<\/li>\n<\/ul>\n<p><strong><span style=\"text-decoration: underline;\">KURSORT:<\/span> <span style=\"color: #ff0000;\">ONLINE<\/span><\/strong><\/p>\n<p><strong><span style=\"text-decoration: underline;\">KOSTEN (inkl. Ust):<\/span><\/strong>\u00a0 \u00a0\u20ac 25.-<\/p>\n<p>Bitte um \u00dcberweisung vor dem Praxis-Abend.<\/p>\n<p>IBAN: AT69 1420 0200 1066 6660<br \/>BIC\/SWIFT: BAWAATWW<\/p>\n<p><strong><span style=\"text-decoration: underline;\">ANMELDUNG:<\/span><\/strong> <a href=\"https:\/\/www.quantic-balance.com\/en\/events\/thetahealing-praxis-abend-2021-nov-02\/\" target=\"_blank\" rel=\"noopener noreferrer\">Bitte HIER klicken f\u00fcr die Anmeldung<\/a><\/p>\n<p><span style=\"text-decoration: underline;\"><strong>SEMINARLEITUNG<\/strong>:<\/span> Wolfgang Racher<\/p>\n<p><em>Theta-Praxis-Abende sind f\u00fcr alle ThetaHealer\u00ae die in ihrer Theta-Arbeit besser werden wollen und sind keine therapeutische Anlaufstelle!<\/em><\/p>\n<\/div>\n<hr \/>\n<h3><strong><img loading=\"lazy\" decoding=\"async\" class=\"alignleft  wp-image-1359\" src=\"http:\/\/www.quantic-balance.com\/wp-content\/uploads\/2018\/05\/Vianna-Wolfgang-1803-1.jpg\" alt=\"\" width=\"162\" height=\"282\" \/><\/strong><\/h3>\n<h2 style=\"text-align: left;\"><span style=\"color: #800080;\">MANIFESTATIONS-TAG<\/span><\/h2>\n<ul>\n<li>Alltags-Manifestationen helfen gegen Aufschieberitis<\/li>\n<li>Manifestations-Blockaden l\u00f6sen mit Theta<\/li>\n<li>F\u00fcr alle, die bereits eine positive Manifestations-Erfahrung haben.<\/li>\n<li>Optimal als Fortf\u00fchrung des Manifestation-\u00dcberfluss und F\u00fclle Seminars.<\/li>\n<li>Intensiv-Bewusstseinstraining<\/li>\n<\/ul>\n<p style=\"text-align: left;\"><strong><span style=\"text-decoration: underline;\">WANN:<\/span> So 15. Mai 2022<\/strong><\/p>\n<div>\n<p><strong><span style=\"text-decoration: underline;\">KURSORT:<\/span><\/strong> ONLINE<\/p>\n<p><span style=\"text-decoration: underline;\"><strong>VORAUSSETZUNG:<\/strong><\/span> Basic DNA Grundkurs<\/p>\n<p><span style=\"text-decoration: underline;\"><strong>KOSTEN<\/strong> (inkl. Ust):<\/span> \u00a0 \u00a0\u00a0\u20ac 149.-<\/p>\n<p><span style=\"text-decoration: underline;\">ANMELDUNG:<\/span>\u00a0 <a href=\"https:\/\/www.quantic-balance.com\/en\/events\/manifestations-tag-2021-maerz-14\/\" target=\"_blank\" rel=\"noopener noreferrer\">Klicke hier zur Anmeldung<\/a><\/p>\n<p><span style=\"text-decoration: underline;\"><strong>SEMINARLEITUNG:<\/strong><\/span> Wolfgang Racher<\/p>\n<\/div>\n<hr \/>\n<p><img loading=\"lazy\" decoding=\"async\" class=\"alignleft wp-image-1293\" src=\"http:\/\/www.quantic-balance.com\/wp-content\/uploads\/2018\/02\/Vianna_StibalSquare-300x300.jpg\" alt=\"\" width=\"100\" height=\"100\" srcset=\"https:\/\/www.quantic-balance.com\/wp-content\/uploads\/2018\/02\/Vianna_StibalSquare-300x300.jpg 300w, https:\/\/www.quantic-balance.com\/wp-content\/uploads\/2018\/02\/Vianna_StibalSquare-100x100.jpg 100w, https:\/\/www.quantic-balance.com\/wp-content\/uploads\/2018\/02\/Vianna_StibalSquare-600x600.jpg 600w, https:\/\/www.quantic-balance.com\/wp-content\/uploads\/2018\/02\/Vianna_StibalSquare-150x150.jpg 150w, https:\/\/www.quantic-balance.com\/wp-content\/uploads\/2018\/02\/Vianna_StibalSquare-768x768.jpg 768w, https:\/\/www.quantic-balance.com\/wp-content\/uploads\/2018\/02\/Vianna_StibalSquare.jpg 800w\" sizes=\"auto, (max-width: 100px) 100vw, 100px\" \/>Vianna Stibal &#8211; Meditationsanleitung &#8222;Verzeihen&#8220;<\/p>\n<p><a href=\"http:\/\/www.quantic-balance.com\/wp-content\/uploads\/2018\/02\/Vianna-Forgiveness.mp3\" target=\"_blank\" rel=\"noopener noreferrer\">mp3 DOWNLOAD direkt<\/a><\/p>\n<p><a href=\"https:\/\/www.dropbox.com\/s\/fwqi6f9papbacyp\/Vianna%20Stibal%20Forgiveness.mp3?dl=0\" target=\"_blank\" rel=\"noopener noreferrer\">mp3 DOWNLOAD Dropbox<\/a><\/p>\n<ul>\n<li class=\"wpview wpview-wrap\" contenteditable=\"false\" data-wpview-text=\"%5Baudio%20mp3%3D%22http%3A%2F%2Fwww.quantic-balance.com%2Fwp-content%2Fuploads%2F2018%2F02%2FVianna-Forgiveness.mp3%22%5D%5B%2Faudio%5D\" data-wpview-type=\"audio\"><iframe class=\"wpview-sandbox\" style=\"width: 100%; display: block;\" height=\"150\" frameborder=\"0\" scrolling=\"no\"><\/iframe><\/li>\n<\/ul>\n\n\n<p><\/p>","protected":false},"excerpt":{"rendered":"<p>Theta Healing \u00ae Seminare in Wien ThetaHealing Basic DNA (Grundkurs) Dieser Kurs ist der Einstieg in das Arbeiten mit Theta Healing &#8211; keine Vorkenntnisse erforderlich. WANN:\u00a0 03. bis 05. Sep 2021 KURSORT:\u00a0 1070 Wien Amida-Zentraum Neubaugasse 12-14 SEMINARLEITUNG: Wolfgang Racher KOSTEN (inkl. Ust):\u00a0 \u00a0 \u00a0\u20ac 499.- Wenn du dieses Seminar bei mir bereits besucht hast, [&hellip;]<\/p>\n","protected":false},"author":1,"featured_media":1359,"parent":0,"menu_order":0,"comment_status":"open","ping_status":"closed","template":"","meta":{"_genesis_hide_title":false,"_genesis_hide_breadcrumbs":false,"_genesis_hide_singular_image":false,"_genesis_hide_footer_widgets":false,"_genesis_custom_body_class":"","_genesis_custom_post_class":"","_genesis_layout":"full-width-content","footnotes":""},"class_list":{"0":"post-533","1":"page","2":"type-page","3":"status-publish","4":"has-post-thumbnail","6":"entry"},"yoast_head":"<!-- This site is optimized with the Yoast SEO plugin v27.5 - https:\/\/yoast.com\/product\/yoast-seo-wordpress\/ -->\n<title>ThetaHealing Seminare Kurse in Wien<\/title>\n<meta name=\"description\" content=\"Wie du mit Theta Healing deine dein Leben in den Griff bekommst. Lerne ThetaHealing von erfahrenen Lehrern\" \/>\n<meta name=\"robots\" content=\"index, follow, max-snippet:-1, max-image-preview:large, max-video-preview:-1\" \/>\n<link rel=\"canonical\" href=\"https:\/\/www.quantic-balance.com\/en\/seminare\/\" \/>\n<meta property=\"og:locale\" content=\"en_US\" \/>\n<meta property=\"og:type\" content=\"article\" \/>\n<meta property=\"og:title\" content=\"ThetaHealing Seminare Kurse in Wien\" \/>\n<meta property=\"og:description\" content=\"Wie du mit Theta Healing deine dein Leben in den Griff bekommst. Lerne ThetaHealing von erfahrenen Lehrern\" \/>\n<meta property=\"og:url\" content=\"https:\/\/www.quantic-balance.com\/en\/seminare\/\" \/>\n<meta property=\"og:site_name\" content=\"Lebe deine Berufung\" \/>\n<meta property=\"article:modified_time\" content=\"2022-03-11T06:51:16+00:00\" \/>\n<meta property=\"og:image\" content=\"https:\/\/www.quantic-balance.com\/wp-content\/uploads\/2018\/05\/Vianna-Wolfgang-1803-1.jpg\" \/>\n\t<meta property=\"og:image:width\" content=\"168\" \/>\n\t<meta property=\"og:image:height\" content=\"292\" \/>\n\t<meta property=\"og:image:type\" content=\"image\/jpeg\" \/>\n<meta name=\"twitter:label1\" content=\"Est. reading time\" \/>\n\t<meta name=\"twitter:data1\" content=\"7 minutes\" \/>\n<script type=\"application\/ld+json\" class=\"yoast-schema-graph\">{\"@context\":\"https:\\\/\\\/schema.org\",\"@graph\":[{\"@type\":\"WebPage\",\"@id\":\"https:\\\/\\\/www.quantic-balance.com\\\/seminare\\\/\",\"url\":\"https:\\\/\\\/www.quantic-balance.com\\\/seminare\\\/\",\"name\":\"ThetaHealing Seminare Kurse in Wien\",\"isPartOf\":{\"@id\":\"https:\\\/\\\/www.quantic-balance.com\\\/#website\"},\"primaryImageOfPage\":{\"@id\":\"https:\\\/\\\/www.quantic-balance.com\\\/seminare\\\/#primaryimage\"},\"image\":{\"@id\":\"https:\\\/\\\/www.quantic-balance.com\\\/seminare\\\/#primaryimage\"},\"thumbnailUrl\":\"https:\\\/\\\/www.quantic-balance.com\\\/wp-content\\\/uploads\\\/2018\\\/05\\\/Vianna-Wolfgang-1803-1.jpg\",\"datePublished\":\"2015-04-19T14:24:35+00:00\",\"dateModified\":\"2022-03-11T06:51:16+00:00\",\"description\":\"Wie du mit Theta Healing deine dein Leben in den Griff bekommst. Lerne ThetaHealing von erfahrenen Lehrern\",\"breadcrumb\":{\"@id\":\"https:\\\/\\\/www.quantic-balance.com\\\/seminare\\\/#breadcrumb\"},\"inLanguage\":\"en-US\",\"potentialAction\":[{\"@type\":\"ReadAction\",\"target\":[\"https:\\\/\\\/www.quantic-balance.com\\\/seminare\\\/\"]}]},{\"@type\":\"ImageObject\",\"inLanguage\":\"en-US\",\"@id\":\"https:\\\/\\\/www.quantic-balance.com\\\/seminare\\\/#primaryimage\",\"url\":\"https:\\\/\\\/www.quantic-balance.com\\\/wp-content\\\/uploads\\\/2018\\\/05\\\/Vianna-Wolfgang-1803-1.jpg\",\"contentUrl\":\"https:\\\/\\\/www.quantic-balance.com\\\/wp-content\\\/uploads\\\/2018\\\/05\\\/Vianna-Wolfgang-1803-1.jpg\",\"width\":168,\"height\":292},{\"@type\":\"BreadcrumbList\",\"@id\":\"https:\\\/\\\/www.quantic-balance.com\\\/seminare\\\/#breadcrumb\",\"itemListElement\":[{\"@type\":\"ListItem\",\"position\":1,\"name\":\"Home\",\"item\":\"https:\\\/\\\/www.quantic-balance.com\\\/\"},{\"@type\":\"ListItem\",\"position\":2,\"name\":\"Seminare\"}]},{\"@type\":\"WebSite\",\"@id\":\"https:\\\/\\\/www.quantic-balance.com\\\/#website\",\"url\":\"https:\\\/\\\/www.quantic-balance.com\\\/\",\"name\":\"Lebe deine Berufung\",\"description\":\" Finde deine Lebensaufgabe\",\"potentialAction\":[{\"@type\":\"SearchAction\",\"target\":{\"@type\":\"EntryPoint\",\"urlTemplate\":\"https:\\\/\\\/www.quantic-balance.com\\\/?s={search_term_string}\"},\"query-input\":{\"@type\":\"PropertyValueSpecification\",\"valueRequired\":true,\"valueName\":\"search_term_string\"}}],\"inLanguage\":\"en-US\"}]}<\/script>\n<!-- \/ Yoast SEO plugin. -->","yoast_head_json":{"title":"ThetaHealing Seminare Kurse in Wien","description":"Wie du mit Theta Healing deine dein Leben in den Griff bekommst. Lerne ThetaHealing von erfahrenen Lehrern","robots":{"index":"index","follow":"follow","max-snippet":"max-snippet:-1","max-image-preview":"max-image-preview:large","max-video-preview":"max-video-preview:-1"},"canonical":"https:\/\/www.quantic-balance.com\/en\/seminare\/","og_locale":"en_US","og_type":"article","og_title":"ThetaHealing Seminare Kurse in Wien","og_description":"Wie du mit Theta Healing deine dein Leben in den Griff bekommst. Lerne ThetaHealing von erfahrenen Lehrern","og_url":"https:\/\/www.quantic-balance.com\/en\/seminare\/","og_site_name":"Lebe deine Berufung","article_modified_time":"2022-03-11T06:51:16+00:00","og_image":[{"width":168,"height":292,"url":"https:\/\/www.quantic-balance.com\/wp-content\/uploads\/2018\/05\/Vianna-Wolfgang-1803-1.jpg","type":"image\/jpeg"}],"twitter_misc":{"Est. reading time":"7 minutes"},"schema":{"@context":"https:\/\/schema.org","@graph":[{"@type":"WebPage","@id":"https:\/\/www.quantic-balance.com\/seminare\/","url":"https:\/\/www.quantic-balance.com\/seminare\/","name":"ThetaHealing Seminare Kurse in Wien","isPartOf":{"@id":"https:\/\/www.quantic-balance.com\/#website"},"primaryImageOfPage":{"@id":"https:\/\/www.quantic-balance.com\/seminare\/#primaryimage"},"image":{"@id":"https:\/\/www.quantic-balance.com\/seminare\/#primaryimage"},"thumbnailUrl":"https:\/\/www.quantic-balance.com\/wp-content\/uploads\/2018\/05\/Vianna-Wolfgang-1803-1.jpg","datePublished":"2015-04-19T14:24:35+00:00","dateModified":"2022-03-11T06:51:16+00:00","description":"Wie du mit Theta Healing deine dein Leben in den Griff bekommst. Lerne ThetaHealing von erfahrenen Lehrern","breadcrumb":{"@id":"https:\/\/www.quantic-balance.com\/seminare\/#breadcrumb"},"inLanguage":"en-US","potentialAction":[{"@type":"ReadAction","target":["https:\/\/www.quantic-balance.com\/seminare\/"]}]},{"@type":"ImageObject","inLanguage":"en-US","@id":"https:\/\/www.quantic-balance.com\/seminare\/#primaryimage","url":"https:\/\/www.quantic-balance.com\/wp-content\/uploads\/2018\/05\/Vianna-Wolfgang-1803-1.jpg","contentUrl":"https:\/\/www.quantic-balance.com\/wp-content\/uploads\/2018\/05\/Vianna-Wolfgang-1803-1.jpg","width":168,"height":292},{"@type":"BreadcrumbList","@id":"https:\/\/www.quantic-balance.com\/seminare\/#breadcrumb","itemListElement":[{"@type":"ListItem","position":1,"name":"Home","item":"https:\/\/www.quantic-balance.com\/"},{"@type":"ListItem","position":2,"name":"Seminare"}]},{"@type":"WebSite","@id":"https:\/\/www.quantic-balance.com\/#website","url":"https:\/\/www.quantic-balance.com\/","name":"Discover Your Purpose","description":"Live Your Calling","potentialAction":[{"@type":"SearchAction","target":{"@type":"EntryPoint","urlTemplate":"https:\/\/www.quantic-balance.com\/?s={search_term_string}"},"query-input":{"@type":"PropertyValueSpecification","valueRequired":true,"valueName":"search_term_string"}}],"inLanguage":"en-US"}]}},"_links":{"self":[{"href":"https:\/\/www.quantic-balance.com\/en\/wp-json\/wp\/v2\/pages\/533","targetHints":{"allow":["GET"]}}],"collection":[{"href":"https:\/\/www.quantic-balance.com\/en\/wp-json\/wp\/v2\/pages"}],"about":[{"href":"https:\/\/www.quantic-balance.com\/en\/wp-json\/wp\/v2\/types\/page"}],"author":[{"embeddable":true,"href":"https:\/\/www.quantic-balance.com\/en\/wp-json\/wp\/v2\/users\/1"}],"replies":[{"embeddable":true,"href":"https:\/\/www.quantic-balance.com\/en\/wp-json\/wp\/v2\/comments?post=533"}],"version-history":[{"count":451,"href":"https:\/\/www.quantic-balance.com\/en\/wp-json\/wp\/v2\/pages\/533\/revisions"}],"predecessor-version":[{"id":2181,"href":"https:\/\/www.quantic-balance.com\/en\/wp-json\/wp\/v2\/pages\/533\/revisions\/2181"}],"wp:featuredmedia":[{"embeddable":true,"href":"https:\/\/www.quantic-balance.com\/en\/wp-json\/wp\/v2\/media\/1359"}],"wp:attachment":[{"href":"https:\/\/www.quantic-balance.com\/en\/wp-json\/wp\/v2\/media?parent=533"}],"curies":[{"name":"wp","href":"https:\/\/api.w.org\/{rel}","templated":true}]}}