{"id":600,"date":"2015-04-23T11:12:39","date_gmt":"2015-04-23T11:12:39","guid":{"rendered":"http:\/\/www.quantic-balance.com\/?page_id=600"},"modified":"2022-03-22T05:46:59","modified_gmt":"2022-03-22T04:46:59","slug":"channeling","status":"publish","type":"page","link":"https:\/\/www.quantic-balance.com\/en\/channeling\/","title":{"rendered":"Book \"Acquittal for Mankind\""},"content":{"rendered":"<p style=\"text-align: left;\">\n<h3 style=\"text-align: left;\"><strong><img loading=\"lazy\" decoding=\"async\" class=\"alignleft size-medium wp-image-1739\" src=\"https:\/\/www.quantic-balance.com\/wp-content\/uploads\/2019\/12\/Cover-dt-paberback-203x300.jpg\" alt=\"\" width=\"203\" height=\"300\" srcset=\"https:\/\/www.quantic-balance.com\/wp-content\/uploads\/2019\/12\/Cover-dt-paberback-203x300.jpg 203w, https:\/\/www.quantic-balance.com\/wp-content\/uploads\/2019\/12\/Cover-dt-paberback-600x887.jpg 600w, https:\/\/www.quantic-balance.com\/wp-content\/uploads\/2019\/12\/Cover-dt-paberback-692x1024.jpg 692w, https:\/\/www.quantic-balance.com\/wp-content\/uploads\/2019\/12\/Cover-dt-paberback-768x1136.jpg 768w, https:\/\/www.quantic-balance.com\/wp-content\/uploads\/2019\/12\/Cover-dt-paberback.jpg 990w\" sizes=\"auto, (max-width: 203px) 100vw, 203px\" \/><\/strong><\/h3>\n<h3 style=\"text-align: left;\"><strong>Freispruch f\u00fcr die Menschheit<\/strong><\/h3>\n<p style=\"text-align: left;\">by<strong> Wolfgang Racher <\/strong>(Ishvara Elohim).<\/p>\n<p style=\"text-align: left;\">First Edition 2007<\/p>\n<p style=\"text-align: justify;\" class=\"translation-block\">Paperback (German) available on Amazon<\/p>\n<p><a href=\"https:\/\/www.amazon.de\/Freispruch-f%C3%BCr-Menschheit-Wolfgang-Racher\/dp\/1989161928\/ref=sr_1_3?keywords=freispruch+f%C3%BCr+die+menschheit&amp;qid=1575717620&amp;sr=8-3\" target=\"_blank\" rel=\"noopener noreferrer\">CLICK HERE TO ORDER<\/a><\/p>\n<p><img loading=\"lazy\" decoding=\"async\" class=\"alignleft size-medium wp-image-1740\" src=\"https:\/\/www.quantic-balance.com\/wp-content\/uploads\/2019\/12\/cover-ebook-dt-188x300.jpg\" alt=\"\" width=\"188\" height=\"300\" srcset=\"https:\/\/www.quantic-balance.com\/wp-content\/uploads\/2019\/12\/cover-ebook-dt-188x300.jpg 188w, https:\/\/www.quantic-balance.com\/wp-content\/uploads\/2019\/12\/cover-ebook-dt-600x960.jpg 600w, https:\/\/www.quantic-balance.com\/wp-content\/uploads\/2019\/12\/cover-ebook-dt.jpg 625w\" sizes=\"auto, (max-width: 188px) 100vw, 188px\" \/><\/p>\n<h3 style=\"text-align: left;\"><strong>Freispruch f\u00fcr die Menschheit<\/strong><\/h3>\n<p style=\"text-align: left;\">by<strong> Wolfgang Racher <\/strong>(Ishvara Elohim).<\/p>\n<p style=\"text-align: left;\">First Edition 2017<\/p>\n<p style=\"text-align: justify;\"><span style=\"color: #ff6600;\"><strong>e-Book<\/strong><\/span> (German) available on Amazon<\/p>\n<p><a href=\"https:\/\/www.amazon.de\/Freispruch-f%C3%BCr-Menschheit-Wolfgang-Racher-ebook\/dp\/B075WYQG31\/ref=sr_1_2?keywords=freispruch+f%C3%BCr+die+menschheit&amp;qid=1575719464&amp;sr=8-2\" target=\"_blank\" rel=\"noopener noreferrer\">CLICK HERE TO ORDER<\/a><\/p>\n<p><input name=\"cmd\" type=\"hidden\" value=\"_s-xclick\" \/><\/p>\n<h3 style=\"text-align: left;\"><strong><img loading=\"lazy\" decoding=\"async\" class=\"alignleft size-medium wp-image-1741\" src=\"https:\/\/www.quantic-balance.com\/wp-content\/uploads\/2019\/12\/Cover-en-paperback-203x300.jpg\" alt=\"\" width=\"203\" height=\"300\" srcset=\"https:\/\/www.quantic-balance.com\/wp-content\/uploads\/2019\/12\/Cover-en-paperback-203x300.jpg 203w, https:\/\/www.quantic-balance.com\/wp-content\/uploads\/2019\/12\/Cover-en-paperback-600x888.jpg 600w, https:\/\/www.quantic-balance.com\/wp-content\/uploads\/2019\/12\/Cover-en-paperback-692x1024.jpg 692w, https:\/\/www.quantic-balance.com\/wp-content\/uploads\/2019\/12\/Cover-en-paperback-768x1137.jpg 768w, https:\/\/www.quantic-balance.com\/wp-content\/uploads\/2019\/12\/Cover-en-paperback.jpg 992w\" sizes=\"auto, (max-width: 203px) 100vw, 203px\" \/>Acquittal for Mankind<\/strong><\/h3>\n<p style=\"text-align: left;\">by<strong> Wolfgang Racher <\/strong>(Ishvara Elohim).<\/p>\n<p style=\"text-align: left;\">First Edition 2018<\/p>\n<p style=\"text-align: justify;\"><span style=\"color: #ff6600;\"><strong>Paperback<\/strong><\/span> english available on Amazon<\/p>\n<p><a href=\"https:\/\/www.amazon.de\/Acquittal-Mankind-Wolfgang-Racher\/dp\/1989161995\/ref=sr_1_2?__mk_de_DE=%C3%85M%C3%85%C5%BD%C3%95%C3%91&amp;keywords=acquittal+for+mankind&amp;qid=1575719553&amp;sr=8-2\" target=\"_blank\" rel=\"noopener noreferrer\">CLICK HERE TO ORDER<\/a><\/p>\n<h3 style=\"text-align: left;\"><strong><img loading=\"lazy\" decoding=\"async\" class=\"alignleft size-medium wp-image-1742\" src=\"https:\/\/www.quantic-balance.com\/wp-content\/uploads\/2019\/12\/CoverVS_en_1-188x300.jpg\" alt=\"\" width=\"188\" height=\"300\" srcset=\"https:\/\/www.quantic-balance.com\/wp-content\/uploads\/2019\/12\/CoverVS_en_1-188x300.jpg 188w, https:\/\/www.quantic-balance.com\/wp-content\/uploads\/2019\/12\/CoverVS_en_1-600x960.jpg 600w, https:\/\/www.quantic-balance.com\/wp-content\/uploads\/2019\/12\/CoverVS_en_1-640x1024.jpg 640w, https:\/\/www.quantic-balance.com\/wp-content\/uploads\/2019\/12\/CoverVS_en_1-768x1228.jpg 768w, https:\/\/www.quantic-balance.com\/wp-content\/uploads\/2019\/12\/CoverVS_en_1-960x1536.jpg 960w, https:\/\/www.quantic-balance.com\/wp-content\/uploads\/2019\/12\/CoverVS_en_1-1280x2048.jpg 1280w, https:\/\/www.quantic-balance.com\/wp-content\/uploads\/2019\/12\/CoverVS_en_1.jpg 1563w\" sizes=\"auto, (max-width: 188px) 100vw, 188px\" \/>Acquittal for Mankind<\/strong><\/h3>\n<p style=\"text-align: left;\">by<strong> Wolfgang Racher <\/strong>(Ishvara Elohim).<\/p>\n<p style=\"text-align: left;\">First Edition 2017<\/p>\n<p style=\"text-align: justify;\"><span style=\"color: #ff6600;\"><strong>e-Book<\/strong><\/span>\u00a0english available on Amazon<\/p>\n<p><a href=\"https:\/\/www.amazon.de\/Acquittal-Mankind-English-Wolfgang-Racher-ebook\/dp\/B075XRCVBN\/ref=sr_1_1?__mk_de_DE=%C3%85M%C3%85%C5%BD%C3%95%C3%91&amp;keywords=acquittal+for+mankind&amp;qid=1575719929&amp;sr=8-1\" target=\"_blank\" rel=\"noopener noreferrer\">CLICK HERE TO ORDER<\/a><\/p>\n<p style=\"text-align: justify;\" class=\"translation-block\">Many thanks to Silvian Sternhagel for providing the cover image! I saw this image in a vision in 2006 and was able to find it in such a miraculous way \u2013 Thank you! Visit the website www.licht-welten.com<\/p>\n<p style=\"text-align: justify;\"><strong>Here is a short excerpt from the book:<\/strong><\/p>\n<p>How would you like to live your life without feelings of guilt? In this book the \"Star Children-Elohim\" speak of the light-filled nature of our cosmic origins. They describe an unusual view of mankind from a non-human, unconditionally loving perspective. Themes such as emotions, the search for meaning, spirituality, time, and health, seen from the polarizing view of human beings, are reduced to the common denominator of Love. Every reader can feel addressed personally and be motivated by a humorous and love-filled energy to live self-love as a basic human right.<\/p>\n<p>This book can be understood as a loving guide in a time that is becoming ever faster...<\/p>","protected":false},"excerpt":{"rendered":"<p>Freispruch f\u00fcr die Menschheit von Wolfgang Racher (Ishvara Elohim). Erste Auflage 2007 Taschenbuch deutsch erh\u00e4ltlich auf Amazon HIER KLICKEN und BESTELEN Freispruch f\u00fcr die Menschheit von Wolfgang Racher (Ishvara Elohim). Erste Auflage 2017 e-Book deutsch erh\u00e4ltlich auf Amazon HIER KLICKEN und BESTELLEN Acquittal for Mankind by Wolfgang Racher (Ishvara Elohim). First Edition 2018 Paperback english [&hellip;]<\/p>\n","protected":false},"author":1,"featured_media":0,"parent":0,"menu_order":0,"comment_status":"open","ping_status":"open","template":"","meta":{"_genesis_hide_title":false,"_genesis_hide_breadcrumbs":false,"_genesis_hide_singular_image":false,"_genesis_hide_footer_widgets":false,"_genesis_custom_body_class":"","_genesis_custom_post_class":"","_genesis_layout":"","footnotes":""},"class_list":{"0":"post-600","1":"page","2":"type-page","3":"status-publish","5":"entry"},"yoast_head":"<!-- This site is optimized with the Yoast SEO plugin v27.4 - https:\/\/yoast.com\/product\/yoast-seo-wordpress\/ -->\n<title>Freispruch f\u00fcr die Menschheit | Channeling in Wien<\/title>\n<meta name=\"robots\" content=\"index, follow, max-snippet:-1, max-image-preview:large, max-video-preview:-1\" \/>\n<link rel=\"canonical\" href=\"https:\/\/www.quantic-balance.com\/en\/channeling\/\" \/>\n<meta property=\"og:locale\" content=\"en_US\" \/>\n<meta property=\"og:type\" content=\"article\" \/>\n<meta property=\"og:title\" content=\"Freispruch f\u00fcr die Menschheit | Channeling in Wien\" \/>\n<meta property=\"og:description\" content=\"Freispruch f\u00fcr die Menschheit von Wolfgang Racher (Ishvara Elohim). Erste Auflage 2007 Taschenbuch deutsch erh\u00e4ltlich auf Amazon HIER KLICKEN und BESTELEN Freispruch f\u00fcr die Menschheit von Wolfgang Racher (Ishvara Elohim). Erste Auflage 2017 e-Book deutsch erh\u00e4ltlich auf Amazon HIER KLICKEN und BESTELLEN Acquittal for Mankind by Wolfgang Racher (Ishvara Elohim). First Edition 2018 Paperback english [&hellip;]\" \/>\n<meta property=\"og:url\" content=\"https:\/\/www.quantic-balance.com\/en\/channeling\/\" \/>\n<meta property=\"og:site_name\" content=\"Lebe deine Berufung\" \/>\n<meta property=\"article:modified_time\" content=\"2022-03-22T04:46:59+00:00\" \/>\n<meta property=\"og:image\" content=\"https:\/\/www.quantic-balance.com\/wp-content\/uploads\/2019\/12\/Cover-dt-paberback-203x300.jpg\" \/>\n<meta name=\"twitter:label1\" content=\"Est. reading time\" \/>\n\t<meta name=\"twitter:data1\" content=\"3 minutes\" \/>\n<script type=\"application\/ld+json\" class=\"yoast-schema-graph\">{\"@context\":\"https:\\\/\\\/schema.org\",\"@graph\":[{\"@type\":\"WebPage\",\"@id\":\"https:\\\/\\\/www.quantic-balance.com\\\/channeling\\\/\",\"url\":\"https:\\\/\\\/www.quantic-balance.com\\\/channeling\\\/\",\"name\":\"Freispruch f\u00fcr die Menschheit | Channeling in Wien\",\"isPartOf\":{\"@id\":\"https:\\\/\\\/www.quantic-balance.com\\\/#website\"},\"primaryImageOfPage\":{\"@id\":\"https:\\\/\\\/www.quantic-balance.com\\\/channeling\\\/#primaryimage\"},\"image\":{\"@id\":\"https:\\\/\\\/www.quantic-balance.com\\\/channeling\\\/#primaryimage\"},\"thumbnailUrl\":\"https:\\\/\\\/www.quantic-balance.com\\\/wp-content\\\/uploads\\\/2019\\\/12\\\/Cover-dt-paberback-203x300.jpg\",\"datePublished\":\"2015-04-23T11:12:39+00:00\",\"dateModified\":\"2022-03-22T04:46:59+00:00\",\"breadcrumb\":{\"@id\":\"https:\\\/\\\/www.quantic-balance.com\\\/channeling\\\/#breadcrumb\"},\"inLanguage\":\"en-US\",\"potentialAction\":[{\"@type\":\"ReadAction\",\"target\":[\"https:\\\/\\\/www.quantic-balance.com\\\/channeling\\\/\"]}]},{\"@type\":\"ImageObject\",\"inLanguage\":\"en-US\",\"@id\":\"https:\\\/\\\/www.quantic-balance.com\\\/channeling\\\/#primaryimage\",\"url\":\"https:\\\/\\\/www.quantic-balance.com\\\/wp-content\\\/uploads\\\/2019\\\/12\\\/Cover-dt-paberback-203x300.jpg\",\"contentUrl\":\"https:\\\/\\\/www.quantic-balance.com\\\/wp-content\\\/uploads\\\/2019\\\/12\\\/Cover-dt-paberback-203x300.jpg\"},{\"@type\":\"BreadcrumbList\",\"@id\":\"https:\\\/\\\/www.quantic-balance.com\\\/channeling\\\/#breadcrumb\",\"itemListElement\":[{\"@type\":\"ListItem\",\"position\":1,\"name\":\"Home\",\"item\":\"https:\\\/\\\/www.quantic-balance.com\\\/\"},{\"@type\":\"ListItem\",\"position\":2,\"name\":\"Buch Freispruch f\u00fcr die Menschheit\"}]},{\"@type\":\"WebSite\",\"@id\":\"https:\\\/\\\/www.quantic-balance.com\\\/#website\",\"url\":\"https:\\\/\\\/www.quantic-balance.com\\\/\",\"name\":\"Lebe deine Berufung\",\"description\":\" Finde deine Lebensaufgabe\",\"potentialAction\":[{\"@type\":\"SearchAction\",\"target\":{\"@type\":\"EntryPoint\",\"urlTemplate\":\"https:\\\/\\\/www.quantic-balance.com\\\/?s={search_term_string}\"},\"query-input\":{\"@type\":\"PropertyValueSpecification\",\"valueRequired\":true,\"valueName\":\"search_term_string\"}}],\"inLanguage\":\"en-US\"}]}<\/script>\n<!-- \/ Yoast SEO plugin. -->","yoast_head_json":{"title":"Freispruch f\u00fcr die Menschheit | Channeling in Wien","robots":{"index":"index","follow":"follow","max-snippet":"max-snippet:-1","max-image-preview":"max-image-preview:large","max-video-preview":"max-video-preview:-1"},"canonical":"https:\/\/www.quantic-balance.com\/en\/channeling\/","og_locale":"en_US","og_type":"article","og_title":"Freispruch f\u00fcr die Menschheit | Channeling in Wien","og_description":"Freispruch f\u00fcr die Menschheit von Wolfgang Racher (Ishvara Elohim). Erste Auflage 2007 Taschenbuch deutsch erh\u00e4ltlich auf Amazon HIER KLICKEN und BESTELEN Freispruch f\u00fcr die Menschheit von Wolfgang Racher (Ishvara Elohim). Erste Auflage 2017 e-Book deutsch erh\u00e4ltlich auf Amazon HIER KLICKEN und BESTELLEN Acquittal for Mankind by Wolfgang Racher (Ishvara Elohim). First Edition 2018 Paperback english [&hellip;]","og_url":"https:\/\/www.quantic-balance.com\/en\/channeling\/","og_site_name":"Lebe deine Berufung","article_modified_time":"2022-03-22T04:46:59+00:00","og_image":[{"url":"https:\/\/www.quantic-balance.com\/wp-content\/uploads\/2019\/12\/Cover-dt-paberback-203x300.jpg","type":"","width":"","height":""}],"twitter_misc":{"Est. reading time":"3 minutes"},"schema":{"@context":"https:\/\/schema.org","@graph":[{"@type":"WebPage","@id":"https:\/\/www.quantic-balance.com\/channeling\/","url":"https:\/\/www.quantic-balance.com\/channeling\/","name":"Freispruch f\u00fcr die Menschheit | Channeling in Wien","isPartOf":{"@id":"https:\/\/www.quantic-balance.com\/#website"},"primaryImageOfPage":{"@id":"https:\/\/www.quantic-balance.com\/channeling\/#primaryimage"},"image":{"@id":"https:\/\/www.quantic-balance.com\/channeling\/#primaryimage"},"thumbnailUrl":"https:\/\/www.quantic-balance.com\/wp-content\/uploads\/2019\/12\/Cover-dt-paberback-203x300.jpg","datePublished":"2015-04-23T11:12:39+00:00","dateModified":"2022-03-22T04:46:59+00:00","breadcrumb":{"@id":"https:\/\/www.quantic-balance.com\/channeling\/#breadcrumb"},"inLanguage":"en-US","potentialAction":[{"@type":"ReadAction","target":["https:\/\/www.quantic-balance.com\/channeling\/"]}]},{"@type":"ImageObject","inLanguage":"en-US","@id":"https:\/\/www.quantic-balance.com\/channeling\/#primaryimage","url":"https:\/\/www.quantic-balance.com\/wp-content\/uploads\/2019\/12\/Cover-dt-paberback-203x300.jpg","contentUrl":"https:\/\/www.quantic-balance.com\/wp-content\/uploads\/2019\/12\/Cover-dt-paberback-203x300.jpg"},{"@type":"BreadcrumbList","@id":"https:\/\/www.quantic-balance.com\/channeling\/#breadcrumb","itemListElement":[{"@type":"ListItem","position":1,"name":"Home","item":"https:\/\/www.quantic-balance.com\/"},{"@type":"ListItem","position":2,"name":"Buch Freispruch f\u00fcr die Menschheit"}]},{"@type":"WebSite","@id":"https:\/\/www.quantic-balance.com\/#website","url":"https:\/\/www.quantic-balance.com\/","name":"Discover Your Purpose","description":"Live Your Calling","potentialAction":[{"@type":"SearchAction","target":{"@type":"EntryPoint","urlTemplate":"https:\/\/www.quantic-balance.com\/?s={search_term_string}"},"query-input":{"@type":"PropertyValueSpecification","valueRequired":true,"valueName":"search_term_string"}}],"inLanguage":"en-US"}]}},"_links":{"self":[{"href":"https:\/\/www.quantic-balance.com\/en\/wp-json\/wp\/v2\/pages\/600","targetHints":{"allow":["GET"]}}],"collection":[{"href":"https:\/\/www.quantic-balance.com\/en\/wp-json\/wp\/v2\/pages"}],"about":[{"href":"https:\/\/www.quantic-balance.com\/en\/wp-json\/wp\/v2\/types\/page"}],"author":[{"embeddable":true,"href":"https:\/\/www.quantic-balance.com\/en\/wp-json\/wp\/v2\/users\/1"}],"replies":[{"embeddable":true,"href":"https:\/\/www.quantic-balance.com\/en\/wp-json\/wp\/v2\/comments?post=600"}],"version-history":[{"count":30,"href":"https:\/\/www.quantic-balance.com\/en\/wp-json\/wp\/v2\/pages\/600\/revisions"}],"predecessor-version":[{"id":2249,"href":"https:\/\/www.quantic-balance.com\/en\/wp-json\/wp\/v2\/pages\/600\/revisions\/2249"}],"wp:attachment":[{"href":"https:\/\/www.quantic-balance.com\/en\/wp-json\/wp\/v2\/media?parent=600"}],"curies":[{"name":"wp","href":"https:\/\/api.w.org\/{rel}","templated":true}]}}