{"id":64,"date":"2015-04-16T11:39:10","date_gmt":"2015-04-16T11:39:10","guid":{"rendered":"http:\/\/www.quantic-balance.com\/?page_id=64"},"modified":"2026-01-02T19:25:28","modified_gmt":"2026-01-02T18:25:28","slug":"thetahealing-oesterreich","status":"publish","type":"page","link":"https:\/\/www.quantic-balance.com\/en\/thetahealing-oesterreich\/","title":{"rendered":"What is ThetaHealing\u00ae?"},"content":{"rendered":"<p class=\"translation-block\">In the state of consciousness of natural Theta brainwaves, which correspond to relaxed concentration or light drowsiness, one can specifically influence one's own thoughts, emotions, and bodily processes. You learn this with the ThetaHealing technique and can apply it yourself immediately, quickly, and very effectively.\n\nThe ThetaHealing technique originated and was developed from metaphysical and spontaneous healing experiences by Vianna Stibal (USA) in 1995. She experienced a spontaneous healing of cancer in the 90s and was then sent on a long journey of discovery and development through spiritual guidance. Today, there are also numerous ThetaHealing practitioners in Austria. On this page, I would like to provide basic information on the technique, application, and training for interested parties looking for ThetaHealing in Austria. Only in 2006, after Vianna had further developed this technique through personal experience, did she begin teaching. Today she teaches worldwide and trains ThetaHealing Instructors.<\/p>\n<h3 style=\"text-align: left;\">Reflections on the Technique<\/h3>\n<p style=\"text-align: justify;\" class=\"translation-block\">In the Theta state, one has immediate access to the universal Plane of the Creator. In developmental biology and quantum physics, the term \"Morphogenetic Field\" is discussed controversially. From the \"Primal Plane\" of the morphic creator consciousness, fundamental changes, design, renewal, and healing impulses can be carried out. A special feature of the ThetaHealing technique is that every change in the creation process is consciously witnessed; thereby it can take place sustainably. The deep trust in the creation process and familiarity with the ThetaHealing procedure are based on this.<\/p>\n<p style=\"text-align: justify;\" class=\"translation-block\">In my practice in Vienna: Wolfgang Racher Quantic Balance ThetaHealing Austria, treatments can be arranged, and seminars attended. I am a Certified ThetaHealing Practitioner and Certified ThetaHealing Instructor.<\/p>\n<p>Theta WEBINAR online in the closed Facebook Group<\/p>\n<p style=\"text-align: center;\">Here Vianna Stibal tells\u2026<\/p>\n<p style=\"text-align: center;\"><iframe loading=\"lazy\" src=\"https:\/\/www.youtube.com\/embed\/0Ar8NUujDm4?list=UUw7s4wo5GZRqly-AncLAjDQ\" width=\"560\" height=\"315\" frameborder=\"0\" allowfullscreen=\"allowfullscreen\"><\/iframe>.<\/p>\n<h3 style=\"text-align: left;\">Reflections on Experiences<\/h3>\n<p style=\"text-align: justify;\">What can ThetaHealing effect? The conscious shaping, dissolving, and renewing of habits, thoughts, emotions, behaviors, and bodily processes. Practically, this can manifest, for example, in the dissolving of dependencies\/addictions. Furthermore, the technique influences our conscious thinking and energetic codings in the DNA.<\/p>\n<p style=\"text-align: justify;\">Not only people and animals, but also plants, objects, houses, and properties can be cleared of burdensome energies with ThetaHealing.<\/p>\n<p class=\"c\" style=\"text-align: left;\">There is no tie to any religion or association.<\/p>\n<p style=\"text-align: left;\" class=\"translation-block\">ThetaHealing\u00ae is a trademark of Nature Path, Inc.<\/p>\n<p style=\"text-align: justify;\">I look forward to your visit to my practice Quantic Balance in Vienna \u2013 ThetaHealing in Austria.<\/p>\n<h2><span style=\"color: #000080;\">THETAHEALING is also possible via remote treatment!<\/span><\/h2>\n<p class=\"translation-block\">If you are not in Vienna or Austria, your ThetaHealing consultation can also take place via the Internet: Video (Zoom) or telephone.<\/p>","protected":false},"excerpt":{"rendered":"<p>Im Bewusstseinszustand der nat\u00fcrlichen Theta-Gehirnwellen, die einer entspannten Konzentration oder leichten M\u00fcdigkeit entsprechen, kann man eigene Gedanken, Emotionen und K\u00f6rpervorg\u00e4nge gezielt beeinflussen. Dies lernt man mit der Theta Healing Technik und kann es sofort schnell wirksam und sehr effektiv selbst anwenden. Die ThetaHealing Technik ist aus\u00a0Metaphysischen- und Spontanheilungs-Erlebnissen von\u00a0Vianna Stibal (USA) 1995 entstanden und weiterentwickelt [&hellip;]<\/p>\n","protected":false},"author":1,"featured_media":0,"parent":0,"menu_order":0,"comment_status":"open","ping_status":"closed","template":"","meta":{"_genesis_hide_title":false,"_genesis_hide_breadcrumbs":false,"_genesis_hide_singular_image":false,"_genesis_hide_footer_widgets":false,"_genesis_custom_body_class":"","_genesis_custom_post_class":"","_genesis_layout":"","footnotes":""},"class_list":{"0":"post-64","1":"page","2":"type-page","3":"status-publish","5":"entry"},"yoast_head":"<!-- This site is optimized with the Yoast SEO plugin v27.4 - https:\/\/yoast.com\/product\/yoast-seo-wordpress\/ -->\n<title>Vianna Stibal | Theta Healing in \u00d6sterreich Wien |Thetahealer<\/title>\n<meta name=\"description\" content=\"Theta Healing Seminare, Workshops, monatlicher Praxis-Abend, Theta Quantic Webinar, Theta Healing \u00dcbungsabend, ThetaHealing Behandlung Wien \u00d6sterreich\" \/>\n<meta name=\"robots\" content=\"index, follow, max-snippet:-1, max-image-preview:large, max-video-preview:-1\" \/>\n<link rel=\"canonical\" href=\"https:\/\/www.quantic-balance.com\/en\/thetahealing-oesterreich\/\" \/>\n<meta property=\"og:locale\" content=\"en_US\" \/>\n<meta property=\"og:type\" content=\"article\" \/>\n<meta property=\"og:title\" content=\"Vianna Stibal | Theta Healing in \u00d6sterreich Wien |Thetahealer\" \/>\n<meta property=\"og:description\" content=\"Theta Healing Seminare, Workshops, monatlicher Praxis-Abend, Theta Quantic Webinar, Theta Healing \u00dcbungsabend, ThetaHealing Behandlung Wien \u00d6sterreich\" \/>\n<meta property=\"og:url\" content=\"https:\/\/www.quantic-balance.com\/en\/thetahealing-oesterreich\/\" \/>\n<meta property=\"og:site_name\" content=\"Lebe deine Berufung\" \/>\n<meta property=\"article:modified_time\" content=\"2026-01-02T18:25:28+00:00\" \/>\n<meta name=\"twitter:label1\" content=\"Est. reading time\" \/>\n\t<meta name=\"twitter:data1\" content=\"3 minutes\" \/>\n<script type=\"application\/ld+json\" class=\"yoast-schema-graph\">{\"@context\":\"https:\\\/\\\/schema.org\",\"@graph\":[{\"@type\":\"WebPage\",\"@id\":\"https:\\\/\\\/www.quantic-balance.com\\\/thetahealing-oesterreich\\\/\",\"url\":\"https:\\\/\\\/www.quantic-balance.com\\\/thetahealing-oesterreich\\\/\",\"name\":\"Vianna Stibal | Theta Healing in \u00d6sterreich Wien |Thetahealer\",\"isPartOf\":{\"@id\":\"https:\\\/\\\/www.quantic-balance.com\\\/#website\"},\"datePublished\":\"2015-04-16T11:39:10+00:00\",\"dateModified\":\"2026-01-02T18:25:28+00:00\",\"description\":\"Theta Healing Seminare, Workshops, monatlicher Praxis-Abend, Theta Quantic Webinar, Theta Healing \u00dcbungsabend, ThetaHealing Behandlung Wien \u00d6sterreich\",\"breadcrumb\":{\"@id\":\"https:\\\/\\\/www.quantic-balance.com\\\/thetahealing-oesterreich\\\/#breadcrumb\"},\"inLanguage\":\"en-US\",\"potentialAction\":[{\"@type\":\"ReadAction\",\"target\":[\"https:\\\/\\\/www.quantic-balance.com\\\/thetahealing-oesterreich\\\/\"]}]},{\"@type\":\"BreadcrumbList\",\"@id\":\"https:\\\/\\\/www.quantic-balance.com\\\/thetahealing-oesterreich\\\/#breadcrumb\",\"itemListElement\":[{\"@type\":\"ListItem\",\"position\":1,\"name\":\"Home\",\"item\":\"https:\\\/\\\/www.quantic-balance.com\\\/\"},{\"@type\":\"ListItem\",\"position\":2,\"name\":\"Was ist Theta Healing \u00ae\"}]},{\"@type\":\"WebSite\",\"@id\":\"https:\\\/\\\/www.quantic-balance.com\\\/#website\",\"url\":\"https:\\\/\\\/www.quantic-balance.com\\\/\",\"name\":\"Lebe deine Berufung\",\"description\":\" Finde deine Lebensaufgabe\",\"potentialAction\":[{\"@type\":\"SearchAction\",\"target\":{\"@type\":\"EntryPoint\",\"urlTemplate\":\"https:\\\/\\\/www.quantic-balance.com\\\/?s={search_term_string}\"},\"query-input\":{\"@type\":\"PropertyValueSpecification\",\"valueRequired\":true,\"valueName\":\"search_term_string\"}}],\"inLanguage\":\"en-US\"}]}<\/script>\n<!-- \/ Yoast SEO plugin. -->","yoast_head_json":{"title":"Vianna Stibal | Theta Healing in \u00d6sterreich Wien |Thetahealer","description":"Theta Healing Seminare, Workshops, monatlicher Praxis-Abend, Theta Quantic Webinar, Theta Healing \u00dcbungsabend, ThetaHealing Behandlung Wien \u00d6sterreich","robots":{"index":"index","follow":"follow","max-snippet":"max-snippet:-1","max-image-preview":"max-image-preview:large","max-video-preview":"max-video-preview:-1"},"canonical":"https:\/\/www.quantic-balance.com\/en\/thetahealing-oesterreich\/","og_locale":"en_US","og_type":"article","og_title":"Vianna Stibal | Theta Healing in \u00d6sterreich Wien |Thetahealer","og_description":"Theta Healing Seminare, Workshops, monatlicher Praxis-Abend, Theta Quantic Webinar, Theta Healing \u00dcbungsabend, ThetaHealing Behandlung Wien \u00d6sterreich","og_url":"https:\/\/www.quantic-balance.com\/en\/thetahealing-oesterreich\/","og_site_name":"Lebe deine Berufung","article_modified_time":"2026-01-02T18:25:28+00:00","twitter_misc":{"Est. reading time":"3 minutes"},"schema":{"@context":"https:\/\/schema.org","@graph":[{"@type":"WebPage","@id":"https:\/\/www.quantic-balance.com\/thetahealing-oesterreich\/","url":"https:\/\/www.quantic-balance.com\/thetahealing-oesterreich\/","name":"Vianna Stibal | Theta Healing in \u00d6sterreich Wien |Thetahealer","isPartOf":{"@id":"https:\/\/www.quantic-balance.com\/#website"},"datePublished":"2015-04-16T11:39:10+00:00","dateModified":"2026-01-02T18:25:28+00:00","description":"Theta Healing Seminare, Workshops, monatlicher Praxis-Abend, Theta Quantic Webinar, Theta Healing \u00dcbungsabend, ThetaHealing Behandlung Wien \u00d6sterreich","breadcrumb":{"@id":"https:\/\/www.quantic-balance.com\/thetahealing-oesterreich\/#breadcrumb"},"inLanguage":"en-US","potentialAction":[{"@type":"ReadAction","target":["https:\/\/www.quantic-balance.com\/thetahealing-oesterreich\/"]}]},{"@type":"BreadcrumbList","@id":"https:\/\/www.quantic-balance.com\/thetahealing-oesterreich\/#breadcrumb","itemListElement":[{"@type":"ListItem","position":1,"name":"Home","item":"https:\/\/www.quantic-balance.com\/"},{"@type":"ListItem","position":2,"name":"Was ist Theta Healing \u00ae"}]},{"@type":"WebSite","@id":"https:\/\/www.quantic-balance.com\/#website","url":"https:\/\/www.quantic-balance.com\/","name":"Discover Your Purpose","description":"Live Your Calling","potentialAction":[{"@type":"SearchAction","target":{"@type":"EntryPoint","urlTemplate":"https:\/\/www.quantic-balance.com\/?s={search_term_string}"},"query-input":{"@type":"PropertyValueSpecification","valueRequired":true,"valueName":"search_term_string"}}],"inLanguage":"en-US"}]}},"_links":{"self":[{"href":"https:\/\/www.quantic-balance.com\/en\/wp-json\/wp\/v2\/pages\/64","targetHints":{"allow":["GET"]}}],"collection":[{"href":"https:\/\/www.quantic-balance.com\/en\/wp-json\/wp\/v2\/pages"}],"about":[{"href":"https:\/\/www.quantic-balance.com\/en\/wp-json\/wp\/v2\/types\/page"}],"author":[{"embeddable":true,"href":"https:\/\/www.quantic-balance.com\/en\/wp-json\/wp\/v2\/users\/1"}],"replies":[{"embeddable":true,"href":"https:\/\/www.quantic-balance.com\/en\/wp-json\/wp\/v2\/comments?post=64"}],"version-history":[{"count":135,"href":"https:\/\/www.quantic-balance.com\/en\/wp-json\/wp\/v2\/pages\/64\/revisions"}],"predecessor-version":[{"id":2411,"href":"https:\/\/www.quantic-balance.com\/en\/wp-json\/wp\/v2\/pages\/64\/revisions\/2411"}],"wp:attachment":[{"href":"https:\/\/www.quantic-balance.com\/en\/wp-json\/wp\/v2\/media?parent=64"}],"curies":[{"name":"wp","href":"https:\/\/api.w.org\/{rel}","templated":true}]}}