{"id":930,"date":"2015-11-28T19:36:54","date_gmt":"2015-11-28T19:36:54","guid":{"rendered":"http:\/\/www.quantic-balance.com\/?page_id=930"},"modified":"2026-01-02T18:34:02","modified_gmt":"2026-01-02T17:34:02","slug":"emotionsync","status":"publish","type":"page","link":"https:\/\/www.quantic-balance.com\/en\/emotionsync\/","title":{"rendered":"emotionSync \u00ae"},"content":{"rendered":"<h3><\/h3>\n<h3>What is emotionSync?<\/h3>\n<p>Fears and behavioral patterns are stored as electrical fields in our brain. These fields can be changed quickly and sustainably through the body's own electricity and brainwaves.<\/p>\n<p>The special feature here involves the anchor acceleration techniques. These energy techniques for changing destructive behavior and problems are currently the most efficient available. The synchronization of the brain at the highest energy level causes lasting change, even within a few minutes. Only the combination of cognitive and energetic work is truly sustainable.<\/p>\n<p>You will learn the combination of all these methods in just one training course, and you will be able to apply this method for yourself and others.<\/p>\n<p><span style=\"color: #000000;\"><strong><span style=\"text-decoration: underline;\">The methods of emotionSync \u00ae<\/span><\/strong><\/span><\/p>\n<p><span style=\"color: #3366ff;\"><strong>eyeSync\u00a0<\/strong><\/span><\/p>\n<p><span style=\"color: #3366ff;\">This method uses the visual neutralization of hindering behavior via eye movement patterns, based on EMDR, NLP, Kinesiology, and energy acceleration. \u2013 Derived from the latest brain research!<\/span><\/p>\n<p><span style=\"color: #993366;\"><strong>clapSync<\/strong><\/span><\/p>\n<p><span style=\"color: #993366;\">The method for auditory anchor acceleration. It is particularly suitable for transforming limiting beliefs into positively driving ones.<\/span><\/p>\n<p><span style=\"color: #ff6600;\"><strong>pushSync<\/strong><\/span><\/p>\n<p><span style=\"color: #ff6600;\">This method is used to accelerate submodalities. The increase in energy dissolves negative emotions very quickly.<\/span><\/p>\n<p><span style=\"color: #800080;\"><strong>tapSync<\/strong><\/span><\/p>\n<p><span style=\"color: #800080;\">Here, the correct energy pathways are \"tapped\" kinesiologically. The right speed and increasing the tapping rhythm helps to reduce or even resolve physical complaints.<\/span><\/p>\n<p><span style=\"color: #ff0000;\"><strong>moveSync<\/strong><\/span><\/p>\n<p><span style=\"color: #ff0000;\">This method is used for energy acceleration within the body. As a result, old behavioral patterns are neutralized, and new energies are built up.<\/span><\/p>\n<h6>Source: The explanations of the emotionSync techniques come from the inventor and developer of the technique, Dr. Christian Hanisch www.emotionsync.de<\/h6>","protected":false},"excerpt":{"rendered":"<p>Was ist emotionSync? \u00c4ngste und Verhaltensmuster sind als elektrische Felder in unserem Gehirn gespeichert. Diese Felder k\u00f6nnen durch die k\u00f6rpereigene Elektrizit\u00e4t und die Gehirnstr\u00f6me schnell und nachhaltig ver\u00e4ndert werden. Das Besondere hierbei sind die Anker-Beschleunigungstechniken. Diese Energie-Techniken zur Ver\u00e4nderung von destruktivem Verhalten und Problemen sind momentan die effizientesten. Die Synchronisation des Gehirns auf der h\u00f6chsten [&hellip;]<\/p>\n","protected":false},"author":1,"featured_media":0,"parent":0,"menu_order":0,"comment_status":"closed","ping_status":"closed","template":"","meta":{"_genesis_hide_title":false,"_genesis_hide_breadcrumbs":false,"_genesis_hide_singular_image":false,"_genesis_hide_footer_widgets":false,"_genesis_custom_body_class":"","_genesis_custom_post_class":"","_genesis_layout":"","footnotes":""},"class_list":{"0":"post-930","1":"page","2":"type-page","3":"status-publish","5":"entry"},"yoast_head":"<!-- This site is optimized with the Yoast SEO plugin v27.4 - https:\/\/yoast.com\/product\/yoast-seo-wordpress\/ -->\n<title>emotionSync \u00ae<\/title>\n<meta name=\"robots\" content=\"index, follow, max-snippet:-1, max-image-preview:large, max-video-preview:-1\" \/>\n<link rel=\"canonical\" href=\"https:\/\/www.quantic-balance.com\/en\/emotionsync\/\" \/>\n<meta property=\"og:locale\" content=\"en_US\" \/>\n<meta property=\"og:type\" content=\"article\" \/>\n<meta property=\"og:title\" content=\"emotionSync \u00ae\" \/>\n<meta property=\"og:description\" content=\"Was ist emotionSync? \u00c4ngste und Verhaltensmuster sind als elektrische Felder in unserem Gehirn gespeichert. Diese Felder k\u00f6nnen durch die k\u00f6rpereigene Elektrizit\u00e4t und die Gehirnstr\u00f6me schnell und nachhaltig ver\u00e4ndert werden. Das Besondere hierbei sind die Anker-Beschleunigungstechniken. Diese Energie-Techniken zur Ver\u00e4nderung von destruktivem Verhalten und Problemen sind momentan die effizientesten. Die Synchronisation des Gehirns auf der h\u00f6chsten [&hellip;]\" \/>\n<meta property=\"og:url\" content=\"https:\/\/www.quantic-balance.com\/en\/emotionsync\/\" \/>\n<meta property=\"og:site_name\" content=\"Lebe deine Berufung\" \/>\n<meta property=\"article:modified_time\" content=\"2026-01-02T17:34:02+00:00\" \/>\n<meta name=\"twitter:label1\" content=\"Est. reading time\" \/>\n\t<meta name=\"twitter:data1\" content=\"2 minutes\" \/>\n<script type=\"application\/ld+json\" class=\"yoast-schema-graph\">{\"@context\":\"https:\\\/\\\/schema.org\",\"@graph\":[{\"@type\":\"WebPage\",\"@id\":\"https:\\\/\\\/www.quantic-balance.com\\\/emotionsync\\\/\",\"url\":\"https:\\\/\\\/www.quantic-balance.com\\\/emotionsync\\\/\",\"name\":\"emotionSync \u00ae\",\"isPartOf\":{\"@id\":\"https:\\\/\\\/www.quantic-balance.com\\\/#website\"},\"datePublished\":\"2015-11-28T19:36:54+00:00\",\"dateModified\":\"2026-01-02T17:34:02+00:00\",\"breadcrumb\":{\"@id\":\"https:\\\/\\\/www.quantic-balance.com\\\/emotionsync\\\/#breadcrumb\"},\"inLanguage\":\"en-US\",\"potentialAction\":[{\"@type\":\"ReadAction\",\"target\":[\"https:\\\/\\\/www.quantic-balance.com\\\/emotionsync\\\/\"]}]},{\"@type\":\"BreadcrumbList\",\"@id\":\"https:\\\/\\\/www.quantic-balance.com\\\/emotionsync\\\/#breadcrumb\",\"itemListElement\":[{\"@type\":\"ListItem\",\"position\":1,\"name\":\"Home\",\"item\":\"https:\\\/\\\/www.quantic-balance.com\\\/\"},{\"@type\":\"ListItem\",\"position\":2,\"name\":\"emotionSync \u00ae\"}]},{\"@type\":\"WebSite\",\"@id\":\"https:\\\/\\\/www.quantic-balance.com\\\/#website\",\"url\":\"https:\\\/\\\/www.quantic-balance.com\\\/\",\"name\":\"Lebe deine Berufung\",\"description\":\" Finde deine Lebensaufgabe\",\"potentialAction\":[{\"@type\":\"SearchAction\",\"target\":{\"@type\":\"EntryPoint\",\"urlTemplate\":\"https:\\\/\\\/www.quantic-balance.com\\\/?s={search_term_string}\"},\"query-input\":{\"@type\":\"PropertyValueSpecification\",\"valueRequired\":true,\"valueName\":\"search_term_string\"}}],\"inLanguage\":\"en-US\"}]}<\/script>\n<!-- \/ Yoast SEO plugin. -->","yoast_head_json":{"title":"emotionSync \u00ae","robots":{"index":"index","follow":"follow","max-snippet":"max-snippet:-1","max-image-preview":"max-image-preview:large","max-video-preview":"max-video-preview:-1"},"canonical":"https:\/\/www.quantic-balance.com\/en\/emotionsync\/","og_locale":"en_US","og_type":"article","og_title":"emotionSync \u00ae","og_description":"Was ist emotionSync? \u00c4ngste und Verhaltensmuster sind als elektrische Felder in unserem Gehirn gespeichert. Diese Felder k\u00f6nnen durch die k\u00f6rpereigene Elektrizit\u00e4t und die Gehirnstr\u00f6me schnell und nachhaltig ver\u00e4ndert werden. Das Besondere hierbei sind die Anker-Beschleunigungstechniken. Diese Energie-Techniken zur Ver\u00e4nderung von destruktivem Verhalten und Problemen sind momentan die effizientesten. Die Synchronisation des Gehirns auf der h\u00f6chsten [&hellip;]","og_url":"https:\/\/www.quantic-balance.com\/en\/emotionsync\/","og_site_name":"Lebe deine Berufung","article_modified_time":"2026-01-02T17:34:02+00:00","twitter_misc":{"Est. reading time":"2 minutes"},"schema":{"@context":"https:\/\/schema.org","@graph":[{"@type":"WebPage","@id":"https:\/\/www.quantic-balance.com\/emotionsync\/","url":"https:\/\/www.quantic-balance.com\/emotionsync\/","name":"emotionSync \u00ae","isPartOf":{"@id":"https:\/\/www.quantic-balance.com\/#website"},"datePublished":"2015-11-28T19:36:54+00:00","dateModified":"2026-01-02T17:34:02+00:00","breadcrumb":{"@id":"https:\/\/www.quantic-balance.com\/emotionsync\/#breadcrumb"},"inLanguage":"en-US","potentialAction":[{"@type":"ReadAction","target":["https:\/\/www.quantic-balance.com\/emotionsync\/"]}]},{"@type":"BreadcrumbList","@id":"https:\/\/www.quantic-balance.com\/emotionsync\/#breadcrumb","itemListElement":[{"@type":"ListItem","position":1,"name":"Home","item":"https:\/\/www.quantic-balance.com\/"},{"@type":"ListItem","position":2,"name":"emotionSync \u00ae"}]},{"@type":"WebSite","@id":"https:\/\/www.quantic-balance.com\/#website","url":"https:\/\/www.quantic-balance.com\/","name":"Discover Your Purpose","description":"Live Your Calling","potentialAction":[{"@type":"SearchAction","target":{"@type":"EntryPoint","urlTemplate":"https:\/\/www.quantic-balance.com\/?s={search_term_string}"},"query-input":{"@type":"PropertyValueSpecification","valueRequired":true,"valueName":"search_term_string"}}],"inLanguage":"en-US"}]}},"_links":{"self":[{"href":"https:\/\/www.quantic-balance.com\/en\/wp-json\/wp\/v2\/pages\/930","targetHints":{"allow":["GET"]}}],"collection":[{"href":"https:\/\/www.quantic-balance.com\/en\/wp-json\/wp\/v2\/pages"}],"about":[{"href":"https:\/\/www.quantic-balance.com\/en\/wp-json\/wp\/v2\/types\/page"}],"author":[{"embeddable":true,"href":"https:\/\/www.quantic-balance.com\/en\/wp-json\/wp\/v2\/users\/1"}],"replies":[{"embeddable":true,"href":"https:\/\/www.quantic-balance.com\/en\/wp-json\/wp\/v2\/comments?post=930"}],"version-history":[{"count":6,"href":"https:\/\/www.quantic-balance.com\/en\/wp-json\/wp\/v2\/pages\/930\/revisions"}],"predecessor-version":[{"id":2407,"href":"https:\/\/www.quantic-balance.com\/en\/wp-json\/wp\/v2\/pages\/930\/revisions\/2407"}],"wp:attachment":[{"href":"https:\/\/www.quantic-balance.com\/en\/wp-json\/wp\/v2\/media?parent=930"}],"curies":[{"name":"wp","href":"https:\/\/api.w.org\/{rel}","templated":true}]}}